{"id":15412,"date":"2024-11-07T13:47:14","date_gmt":"2024-11-07T11:47:14","guid":{"rendered":"https:\/\/raktava.lt\/?post_type=product&#038;p=15412"},"modified":"2026-02-20T11:27:29","modified_gmt":"2026-02-20T09:27:29","slug":"ilgu-smuginiu-6-kampiu-galvuciu-rinkiny-1-2-10-24mm","status":"publish","type":"product","link":"https:\/\/raktava.lt\/en\/product\/rankiniai-irankiai\/galvutes-galvuciu-komplektai-laikikliai-galvutems\/1-2-galvutes-smugines\/ilgu-smuginiu-6-kampiu-galvuciu-rinkiny-1-2-10-24mm\/","title":{"rendered":"Ilg\u0173 sm\u016bgini\u0173 6-kampi\u0173 galvu\u010di\u0173 rinkinys 1\/2 10-24mm"},"content":{"rendered":"","protected":false},"excerpt":{"rendered":"<p>Ilg\u0173 sm\u016bgini\u0173 6-kampi\u0173 galvu\u010di\u0173 rinkinys 1\/2 10-24mm<\/p>\n","protected":false},"featured_media":15413,"comment_status":"open","ping_status":"closed","template":"","meta":[],"product_brand":[563],"product_cat":[46],"product_tag":[591,1640,994,772,1641],"class_list":{"0":"post-15412","1":"product","2":"type-product","3":"status-publish","4":"has-post-thumbnail","6":"product_brand-yato","7":"product_cat-1-2-galvutes-smugines","8":"product_tag-1-2","9":"product_tag-10-24mm","10":"product_tag-6-kampe","11":"product_tag-galvutes-smugines","12":"product_tag-yt-1054","14":"first","15":"instock","16":"taxable","17":"shipping-taxable","18":"purchasable","19":"product-type-simple"},"_links":{"self":[{"href":"https:\/\/raktava.lt\/en\/wp-json\/wp\/v2\/product\/15412","targetHints":{"allow":["GET"]}}],"collection":[{"href":"https:\/\/raktava.lt\/en\/wp-json\/wp\/v2\/product"}],"about":[{"href":"https:\/\/raktava.lt\/en\/wp-json\/wp\/v2\/types\/product"}],"replies":[{"embeddable":true,"href":"https:\/\/raktava.lt\/en\/wp-json\/wp\/v2\/comments?post=15412"}],"version-history":[{"count":2,"href":"https:\/\/raktava.lt\/en\/wp-json\/wp\/v2\/product\/15412\/revisions"}],"predecessor-version":[{"id":15424,"href":"https:\/\/raktava.lt\/en\/wp-json\/wp\/v2\/product\/15412\/revisions\/15424"}],"wp:featuredmedia":[{"embeddable":true,"href":"https:\/\/raktava.lt\/en\/wp-json\/wp\/v2\/media\/15413"}],"wp:attachment":[{"href":"https:\/\/raktava.lt\/en\/wp-json\/wp\/v2\/media?parent=15412"}],"wp:term":[{"taxonomy":"product_brand","embeddable":true,"href":"https:\/\/raktava.lt\/en\/wp-json\/wp\/v2\/product_brand?post=15412"},{"taxonomy":"product_cat","embeddable":true,"href":"https:\/\/raktava.lt\/en\/wp-json\/wp\/v2\/product_cat?post=15412"},{"taxonomy":"product_tag","embeddable":true,"href":"https:\/\/raktava.lt\/en\/wp-json\/wp\/v2\/product_tag?post=15412"}],"curies":[{"name":"wp","href":"https:\/\/api.w.org\/{rel}","templated":true}]}}