{"id":15328,"date":"2024-10-16T11:07:45","date_gmt":"2024-10-16T08:07:45","guid":{"rendered":"https:\/\/raktava.lt\/?post_type=product&#038;p=15328"},"modified":"2026-03-12T13:50:46","modified_gmt":"2026-03-12T11:50:46","slug":"verzliarakciu-e-torx-rinkinys","status":"publish","type":"product","link":"https:\/\/raktava.lt\/en\/product\/rankiniai-irankiai\/verzliarakciai-verzliarakciu-komplektai\/e-profilio-raktai-ju-komplektai\/verzliarakciu-e-torx-rinkinys\/","title":{"rendered":"Ver\u017eliarak\u010di\u0173 E-torx rinkinys"},"content":{"rendered":"","protected":false},"excerpt":{"rendered":"<p>Ver\u017eliarak\u010di\u0173 E-torx rinkinys<\/p>\n","protected":false},"featured_media":15329,"comment_status":"open","ping_status":"closed","template":"","meta":[],"product_brand":[627],"product_cat":[241],"product_tag":[1223,1271,1272,739,749],"class_list":{"0":"post-15328","1":"product","2":"type-product","3":"status-publish","4":"has-post-thumbnail","6":"product_brand-sata","7":"product_cat-e-profilio-raktai-ju-komplektai","8":"product_tag-e-tipo","9":"product_tag-e6-e24","10":"product_tag-s09012","11":"product_tag-torx","12":"product_tag-verzliarakciu-komplektas","14":"first","15":"instock","16":"taxable","17":"shipping-taxable","18":"purchasable","19":"product-type-simple"},"_links":{"self":[{"href":"https:\/\/raktava.lt\/en\/wp-json\/wp\/v2\/product\/15328","targetHints":{"allow":["GET"]}}],"collection":[{"href":"https:\/\/raktava.lt\/en\/wp-json\/wp\/v2\/product"}],"about":[{"href":"https:\/\/raktava.lt\/en\/wp-json\/wp\/v2\/types\/product"}],"replies":[{"embeddable":true,"href":"https:\/\/raktava.lt\/en\/wp-json\/wp\/v2\/comments?post=15328"}],"version-history":[{"count":1,"href":"https:\/\/raktava.lt\/en\/wp-json\/wp\/v2\/product\/15328\/revisions"}],"predecessor-version":[{"id":15335,"href":"https:\/\/raktava.lt\/en\/wp-json\/wp\/v2\/product\/15328\/revisions\/15335"}],"wp:featuredmedia":[{"embeddable":true,"href":"https:\/\/raktava.lt\/en\/wp-json\/wp\/v2\/media\/15329"}],"wp:attachment":[{"href":"https:\/\/raktava.lt\/en\/wp-json\/wp\/v2\/media?parent=15328"}],"wp:term":[{"taxonomy":"product_brand","embeddable":true,"href":"https:\/\/raktava.lt\/en\/wp-json\/wp\/v2\/product_brand?post=15328"},{"taxonomy":"product_cat","embeddable":true,"href":"https:\/\/raktava.lt\/en\/wp-json\/wp\/v2\/product_cat?post=15328"},{"taxonomy":"product_tag","embeddable":true,"href":"https:\/\/raktava.lt\/en\/wp-json\/wp\/v2\/product_tag?post=15328"}],"curies":[{"name":"wp","href":"https:\/\/api.w.org\/{rel}","templated":true}]}}