{"id":15221,"date":"2024-10-10T15:45:25","date_gmt":"2024-10-10T12:45:25","guid":{"rendered":"https:\/\/raktava.lt\/?post_type=product&#038;p=15221"},"modified":"2024-10-10T15:45:26","modified_gmt":"2024-10-10T12:45:26","slug":"stabdziu-vamzdeliu-valcavimo-irankis-3-16","status":"publish","type":"product","link":"https:\/\/raktava.lt\/en\/product\/automobiliu-remonto-irankiai\/vaziuokles-remonto-irankiai\/stabdziu-remonto-irankiai\/stabdziu-vamzdeliu-valcavimo-irankis-3-16\/","title":{"rendered":"Stabd\u017ei\u0173 vamzdeli\u0173 valcavimo \u012frankis 3\/16"},"content":{"rendered":"","protected":false},"excerpt":{"rendered":"<p>Stabd\u017ei\u0173 vamzdeli\u0173 valcavimo \u012frankis 3\/16<\/p>\n<p>Vamzdeliams 3\/16&#8243; (4.75 mm) DIN<\/p>\n","protected":false},"featured_media":15222,"comment_status":"open","ping_status":"closed","template":"","meta":[],"product_brand":[],"product_cat":[64],"product_tag":[],"class_list":{"0":"post-15221","1":"product","2":"type-product","3":"status-publish","4":"has-post-thumbnail","6":"product_cat-stabdziu-remonto-irankiai","8":"first","9":"instock","10":"taxable","11":"shipping-taxable","12":"purchasable","13":"product-type-simple"},"_links":{"self":[{"href":"https:\/\/raktava.lt\/en\/wp-json\/wp\/v2\/product\/15221","targetHints":{"allow":["GET"]}}],"collection":[{"href":"https:\/\/raktava.lt\/en\/wp-json\/wp\/v2\/product"}],"about":[{"href":"https:\/\/raktava.lt\/en\/wp-json\/wp\/v2\/types\/product"}],"replies":[{"embeddable":true,"href":"https:\/\/raktava.lt\/en\/wp-json\/wp\/v2\/comments?post=15221"}],"version-history":[{"count":2,"href":"https:\/\/raktava.lt\/en\/wp-json\/wp\/v2\/product\/15221\/revisions"}],"predecessor-version":[{"id":15229,"href":"https:\/\/raktava.lt\/en\/wp-json\/wp\/v2\/product\/15221\/revisions\/15229"}],"wp:featuredmedia":[{"embeddable":true,"href":"https:\/\/raktava.lt\/en\/wp-json\/wp\/v2\/media\/15222"}],"wp:attachment":[{"href":"https:\/\/raktava.lt\/en\/wp-json\/wp\/v2\/media?parent=15221"}],"wp:term":[{"taxonomy":"product_brand","embeddable":true,"href":"https:\/\/raktava.lt\/en\/wp-json\/wp\/v2\/product_brand?post=15221"},{"taxonomy":"product_cat","embeddable":true,"href":"https:\/\/raktava.lt\/en\/wp-json\/wp\/v2\/product_cat?post=15221"},{"taxonomy":"product_tag","embeddable":true,"href":"https:\/\/raktava.lt\/en\/wp-json\/wp\/v2\/product_tag?post=15221"}],"curies":[{"name":"wp","href":"https:\/\/api.w.org\/{rel}","templated":true}]}}