{"id":15211,"date":"2024-10-10T14:20:20","date_gmt":"2024-10-10T11:20:20","guid":{"rendered":"https:\/\/raktava.lt\/?post_type=product&#038;p=15211"},"modified":"2025-05-22T11:09:21","modified_gmt":"2025-05-22T08:09:21","slug":"namu-kvapas-su-lazdelemis-areon-black-peony-blossom-85ml","status":"publish","type":"product","link":"https:\/\/raktava.lt\/en\/product\/buiciai-sodui\/oro-gaivikliai\/namu-kvapas-su-lazdelemis-areon-black-peony-blossom-85ml\/","title":{"rendered":"Nam\u0173 kvapas su lazdel\u0117mis AREON BLACK PEONY BLOSSOM 85ml"},"content":{"rendered":"<p>Aromatin\u0117 kompozicija PEONY BLOSSOM atsiskleid\u017eia svajingomis mandarino natomis su lengvais citrinos \u0161lakeliais. Bet atsiskleidimo metu j\u016bs staiga suprantate, jog tai visi\u0161kai ne citrusai, pasirodo \u2013 kvapas tikrai bij\u016bno! Tai rei\u0161kia, kad j\u016bs pasiek\u0117te moteri\u0161k\u0105, jausming\u0105 kompozicijos \u0161ird\u012f. Permatomas \u0161leifas toks ir liks \u2013 \u0161vie\u017eias, \u0161ilkinis, grak\u0161tus, ne saldus, bet sukeliantis sald\u0173 ilges\u012f.<\/p>\n<p>Kvapo intensyvum\u0105 galite reguliuoti keisdami lazdeli\u0173, dedam\u0173 \u012f buteliuk\u0105, skai\u010di\u0173. Padidinus lazdeli\u0173 skai\u010di\u0173, didinamas intensyvumas.<\/p>\n","protected":false},"excerpt":{"rendered":"<p>Nam\u0173 kvapas su lazdel\u0117mis AREON BLACK PEONY BLOSSOM 85ml<\/p>\n","protected":false},"featured_media":15216,"comment_status":"open","ping_status":"closed","template":"","meta":[],"product_brand":[807],"product_cat":[550],"product_tag":[806],"class_list":{"0":"post-15211","1":"product","2":"type-product","3":"status-publish","4":"has-post-thumbnail","6":"product_brand-areon","7":"product_cat-oro-gaivikliai","8":"product_tag-namu-kvapas","10":"first","11":"outofstock","12":"taxable","13":"shipping-taxable","14":"purchasable","15":"product-type-simple"},"_links":{"self":[{"href":"https:\/\/raktava.lt\/en\/wp-json\/wp\/v2\/product\/15211","targetHints":{"allow":["GET"]}}],"collection":[{"href":"https:\/\/raktava.lt\/en\/wp-json\/wp\/v2\/product"}],"about":[{"href":"https:\/\/raktava.lt\/en\/wp-json\/wp\/v2\/types\/product"}],"replies":[{"embeddable":true,"href":"https:\/\/raktava.lt\/en\/wp-json\/wp\/v2\/comments?post=15211"}],"version-history":[{"count":3,"href":"https:\/\/raktava.lt\/en\/wp-json\/wp\/v2\/product\/15211\/revisions"}],"predecessor-version":[{"id":15220,"href":"https:\/\/raktava.lt\/en\/wp-json\/wp\/v2\/product\/15211\/revisions\/15220"}],"wp:featuredmedia":[{"embeddable":true,"href":"https:\/\/raktava.lt\/en\/wp-json\/wp\/v2\/media\/15216"}],"wp:attachment":[{"href":"https:\/\/raktava.lt\/en\/wp-json\/wp\/v2\/media?parent=15211"}],"wp:term":[{"taxonomy":"product_brand","embeddable":true,"href":"https:\/\/raktava.lt\/en\/wp-json\/wp\/v2\/product_brand?post=15211"},{"taxonomy":"product_cat","embeddable":true,"href":"https:\/\/raktava.lt\/en\/wp-json\/wp\/v2\/product_cat?post=15211"},{"taxonomy":"product_tag","embeddable":true,"href":"https:\/\/raktava.lt\/en\/wp-json\/wp\/v2\/product_tag?post=15211"}],"curies":[{"name":"wp","href":"https:\/\/api.w.org\/{rel}","templated":true}]}}