{"id":15118,"date":"2024-10-09T11:28:37","date_gmt":"2024-10-09T08:28:37","guid":{"rendered":"https:\/\/raktava.lt\/?post_type=product&#038;p=15118"},"modified":"2026-01-19T13:17:52","modified_gmt":"2026-01-19T11:17:52","slug":"galvute-smugine-ilga-vidine-%c2%be-19mm","status":"publish","type":"product","link":"https:\/\/raktava.lt\/en\/product\/rankiniai-irankiai\/galvutes-galvuciu-komplektai-laikikliai-galvutems\/3-4-galvutes-ir-ju-komplektai\/galvute-smugine-ilga-vidine-%c2%be-19mm\/","title":{"rendered":"Galvut\u0117 sm\u016bgin\u0117 ilga vidin\u0117 \u00be 19mm"},"content":{"rendered":"","protected":false},"excerpt":{"rendered":"<p>Galvut\u0117 sm\u016bgin\u0117 ilga vidin\u0117 \u00be 19mm<\/p>\n","protected":false},"featured_media":15119,"comment_status":"open","ping_status":"closed","template":"","meta":[],"product_brand":[626],"product_cat":[175],"product_tag":[1068,577,1946,710,1853],"class_list":{"0":"post-15118","1":"product","2":"type-product","3":"status-publish","4":"has-post-thumbnail","6":"product_brand-changlu","7":"product_cat-3-4-galvutes-ir-ju-komplektai","8":"product_tag-19mm","9":"product_tag-3-4","10":"product_tag-cl204619","11":"product_tag-galvute-smugine","12":"product_tag-galvute-smugine-vidine","14":"first","15":"instock","16":"taxable","17":"shipping-taxable","18":"purchasable","19":"product-type-simple"},"_links":{"self":[{"href":"https:\/\/raktava.lt\/en\/wp-json\/wp\/v2\/product\/15118","targetHints":{"allow":["GET"]}}],"collection":[{"href":"https:\/\/raktava.lt\/en\/wp-json\/wp\/v2\/product"}],"about":[{"href":"https:\/\/raktava.lt\/en\/wp-json\/wp\/v2\/types\/product"}],"replies":[{"embeddable":true,"href":"https:\/\/raktava.lt\/en\/wp-json\/wp\/v2\/comments?post=15118"}],"version-history":[{"count":1,"href":"https:\/\/raktava.lt\/en\/wp-json\/wp\/v2\/product\/15118\/revisions"}],"predecessor-version":[{"id":15121,"href":"https:\/\/raktava.lt\/en\/wp-json\/wp\/v2\/product\/15118\/revisions\/15121"}],"wp:featuredmedia":[{"embeddable":true,"href":"https:\/\/raktava.lt\/en\/wp-json\/wp\/v2\/media\/15119"}],"wp:attachment":[{"href":"https:\/\/raktava.lt\/en\/wp-json\/wp\/v2\/media?parent=15118"}],"wp:term":[{"taxonomy":"product_brand","embeddable":true,"href":"https:\/\/raktava.lt\/en\/wp-json\/wp\/v2\/product_brand?post=15118"},{"taxonomy":"product_cat","embeddable":true,"href":"https:\/\/raktava.lt\/en\/wp-json\/wp\/v2\/product_cat?post=15118"},{"taxonomy":"product_tag","embeddable":true,"href":"https:\/\/raktava.lt\/en\/wp-json\/wp\/v2\/product_tag?post=15118"}],"curies":[{"name":"wp","href":"https:\/\/api.w.org\/{rel}","templated":true}]}}