{"id":15090,"date":"2024-10-07T17:26:38","date_gmt":"2024-10-07T14:26:38","guid":{"rendered":"https:\/\/raktava.lt\/?post_type=product&#038;p=15090"},"modified":"2024-10-08T14:46:00","modified_gmt":"2024-10-08T11:46:00","slug":"1-4-3-8-e-torx-galvuciu-ir-verzliarakciu-rinkinys-35-vnt","status":"publish","type":"product","link":"https:\/\/raktava.lt\/en\/product\/rankiniai-irankiai\/1-4-3-8-1-2-3-4-1-kombinuotu-galvuciu-rinkiniai\/1-4-3-8-e-torx-galvuciu-ir-verzliarakciu-rinkinys-35-vnt\/","title":{"rendered":"1\/4 + 3\/8 E-torx galvu\u010di\u0173 ir ver\u017eliarak\u010di\u0173 rinkinys 35 vnt."},"content":{"rendered":"","protected":false},"excerpt":{"rendered":"<p>1\/4 + 3\/8 E-torx galvu\u010di\u0173 ir ver\u017eliarak\u010di\u0173 rinkinys 35 vnt.<\/p>\n<p>7 vnt. 1\/4&#8243; Galvut\u0117 su antgaliu Tamper-Proof-TORX T-10, T-15, T-20, T-25, T-27, T-30, T-40<br \/>\n12 vnt. 3\/8 E &#8211; galvut\u0117: E4, E5, E6, E7, E8, E10, E11, E12, E14, E16, E18, E20<br \/>\n11 vnt. 3\/8 Galvut\u0117s antgaliai TORX T-10, T-15, T-20, T-25, T-27, T-30, T-40, T-45, T-50, T-55, T-60<br \/>\n5 vnt. Priedai:<br \/>\nTORX raktai E6 x E8, E10 x E12, E14 x E18, E20 x E24<br \/>\n1\/4 koto x 3\/8 galvut\u0117s mova<\/p>\n","protected":false},"featured_media":15091,"comment_status":"open","ping_status":"closed","template":"","meta":[],"product_brand":[],"product_cat":[47,135,94,92,509,241],"product_tag":[153],"class_list":{"0":"post-15090","1":"product","2":"type-product","3":"status-publish","4":"has-post-thumbnail","6":"product_cat-1-4-3-8-1-2-3-4-1-kombinuotu-galvuciu-rinkiniai","7":"product_cat-1-4-galvutes-ir-ju-komplektai","8":"product_cat-3-8-galvutes-ir-ju-komplektai","9":"product_cat-antgaliai-ipresuoti-i-galvute-1-4","10":"product_cat-antgaliai-ipresuoti-i-3-8-galvute","11":"product_cat-e-profilio-raktai-ju-komplektai","12":"product_tag-sata","14":"first","15":"instock","16":"taxable","17":"shipping-taxable","18":"purchasable","19":"product-type-simple"},"_links":{"self":[{"href":"https:\/\/raktava.lt\/en\/wp-json\/wp\/v2\/product\/15090","targetHints":{"allow":["GET"]}}],"collection":[{"href":"https:\/\/raktava.lt\/en\/wp-json\/wp\/v2\/product"}],"about":[{"href":"https:\/\/raktava.lt\/en\/wp-json\/wp\/v2\/types\/product"}],"replies":[{"embeddable":true,"href":"https:\/\/raktava.lt\/en\/wp-json\/wp\/v2\/comments?post=15090"}],"version-history":[{"count":1,"href":"https:\/\/raktava.lt\/en\/wp-json\/wp\/v2\/product\/15090\/revisions"}],"predecessor-version":[{"id":15093,"href":"https:\/\/raktava.lt\/en\/wp-json\/wp\/v2\/product\/15090\/revisions\/15093"}],"wp:featuredmedia":[{"embeddable":true,"href":"https:\/\/raktava.lt\/en\/wp-json\/wp\/v2\/media\/15091"}],"wp:attachment":[{"href":"https:\/\/raktava.lt\/en\/wp-json\/wp\/v2\/media?parent=15090"}],"wp:term":[{"taxonomy":"product_brand","embeddable":true,"href":"https:\/\/raktava.lt\/en\/wp-json\/wp\/v2\/product_brand?post=15090"},{"taxonomy":"product_cat","embeddable":true,"href":"https:\/\/raktava.lt\/en\/wp-json\/wp\/v2\/product_cat?post=15090"},{"taxonomy":"product_tag","embeddable":true,"href":"https:\/\/raktava.lt\/en\/wp-json\/wp\/v2\/product_tag?post=15090"}],"curies":[{"name":"wp","href":"https:\/\/api.w.org\/{rel}","templated":true}]}}