{"id":15065,"date":"2024-10-07T15:46:09","date_gmt":"2024-10-07T12:46:09","guid":{"rendered":"https:\/\/raktava.lt\/?post_type=product&#038;p=15065"},"modified":"2024-10-07T15:48:11","modified_gmt":"2024-10-07T12:48:11","slug":"transmisijos-domkratas-05-dvieju-pakopu","status":"publish","type":"product","link":"https:\/\/raktava.lt\/en\/product\/automobiliu-remonto-irankiai\/domkratai\/transmisijos-domkratai\/transmisijos-domkratas-05-dvieju-pakopu\/","title":{"rendered":"Transmisijos domkratas 0,5 dviej\u0173 pakop\u0173"},"content":{"rendered":"","protected":false},"excerpt":{"rendered":"<p>Transmisijos domkratas 0,5 dviej\u0173 pakop\u0173<\/p>\n<ul>\n<li>2 pakop\u0173<\/li>\n<li>Keliamoji galia 0.5 t<\/li>\n<li>Min auk\u0161tis 855 mm<\/li>\n<li>Max auk\u0161tis 1760 mm<\/li>\n<li>Svoris 52 kg<\/li>\n<li>Dvigubas k\u0117limo st\u016bmoklis<\/li>\n<li>Skirtas greitam pak\u0117limui<\/li>\n<li>CE atitiktis<\/li>\n<\/ul>\n","protected":false},"featured_media":15066,"comment_status":"open","ping_status":"closed","template":"","meta":[],"product_brand":[],"product_cat":[250],"product_tag":[284],"class_list":{"0":"post-15065","1":"product","2":"type-product","3":"status-publish","4":"has-post-thumbnail","6":"product_cat-transmisijos-domkratai","7":"product_tag-tongli","9":"first","10":"instock","11":"taxable","12":"shipping-taxable","13":"purchasable","14":"product-type-simple"},"_links":{"self":[{"href":"https:\/\/raktava.lt\/en\/wp-json\/wp\/v2\/product\/15065","targetHints":{"allow":["GET"]}}],"collection":[{"href":"https:\/\/raktava.lt\/en\/wp-json\/wp\/v2\/product"}],"about":[{"href":"https:\/\/raktava.lt\/en\/wp-json\/wp\/v2\/types\/product"}],"replies":[{"embeddable":true,"href":"https:\/\/raktava.lt\/en\/wp-json\/wp\/v2\/comments?post=15065"}],"version-history":[{"count":2,"href":"https:\/\/raktava.lt\/en\/wp-json\/wp\/v2\/product\/15065\/revisions"}],"predecessor-version":[{"id":15069,"href":"https:\/\/raktava.lt\/en\/wp-json\/wp\/v2\/product\/15065\/revisions\/15069"}],"wp:featuredmedia":[{"embeddable":true,"href":"https:\/\/raktava.lt\/en\/wp-json\/wp\/v2\/media\/15066"}],"wp:attachment":[{"href":"https:\/\/raktava.lt\/en\/wp-json\/wp\/v2\/media?parent=15065"}],"wp:term":[{"taxonomy":"product_brand","embeddable":true,"href":"https:\/\/raktava.lt\/en\/wp-json\/wp\/v2\/product_brand?post=15065"},{"taxonomy":"product_cat","embeddable":true,"href":"https:\/\/raktava.lt\/en\/wp-json\/wp\/v2\/product_cat?post=15065"},{"taxonomy":"product_tag","embeddable":true,"href":"https:\/\/raktava.lt\/en\/wp-json\/wp\/v2\/product_tag?post=15065"}],"curies":[{"name":"wp","href":"https:\/\/api.w.org\/{rel}","templated":true}]}}