{"id":14967,"date":"2024-09-30T14:49:27","date_gmt":"2024-09-30T11:49:27","guid":{"rendered":"https:\/\/raktava.lt\/?post_type=product&#038;p=14967"},"modified":"2025-10-30T14:59:16","modified_gmt":"2025-10-30T12:59:16","slug":"galvute-smugine-ilga-6-kampe-1-2-29mm","status":"publish","type":"product","link":"https:\/\/raktava.lt\/en\/product\/hand-tools\/heads-sets-of-heads-holders-for-heads\/1-2-impact-heads\/galvute-smugine-ilga-6-kampe-1-2-29mm\/","title":{"rendered":"Galvut\u0117 sm\u016bgin\u0117 ilga 6-kamp\u0117 1\/2 29mm"},"content":{"rendered":"","protected":false},"excerpt":{"rendered":"<p>Galvut\u0117 sm\u016bgin\u0117 ilga 6-kamp\u0117 1\/2 29mm<\/p>\n<p>&nbsp;<\/p>\n","protected":false},"featured_media":14970,"comment_status":"open","ping_status":"closed","template":"","meta":[],"product_brand":[563],"product_cat":[46],"product_tag":[591,1642,994,1643],"class_list":{"0":"post-14967","1":"product","2":"type-product","3":"status-publish","4":"has-post-thumbnail","6":"product_brand-yato","7":"product_cat-1-2-galvutes-smugines","8":"product_tag-1-2","9":"product_tag-29mm","10":"product_tag-6-kampe","11":"product_tag-galvute-smugine-yt-1049","13":"first","14":"instock","15":"taxable","16":"shipping-taxable","17":"purchasable","18":"product-type-simple"},"_links":{"self":[{"href":"https:\/\/raktava.lt\/en\/wp-json\/wp\/v2\/product\/14967","targetHints":{"allow":["GET"]}}],"collection":[{"href":"https:\/\/raktava.lt\/en\/wp-json\/wp\/v2\/product"}],"about":[{"href":"https:\/\/raktava.lt\/en\/wp-json\/wp\/v2\/types\/product"}],"replies":[{"embeddable":true,"href":"https:\/\/raktava.lt\/en\/wp-json\/wp\/v2\/comments?post=14967"}],"version-history":[{"count":3,"href":"https:\/\/raktava.lt\/en\/wp-json\/wp\/v2\/product\/14967\/revisions"}],"predecessor-version":[{"id":14974,"href":"https:\/\/raktava.lt\/en\/wp-json\/wp\/v2\/product\/14967\/revisions\/14974"}],"wp:featuredmedia":[{"embeddable":true,"href":"https:\/\/raktava.lt\/en\/wp-json\/wp\/v2\/media\/14970"}],"wp:attachment":[{"href":"https:\/\/raktava.lt\/en\/wp-json\/wp\/v2\/media?parent=14967"}],"wp:term":[{"taxonomy":"product_brand","embeddable":true,"href":"https:\/\/raktava.lt\/en\/wp-json\/wp\/v2\/product_brand?post=14967"},{"taxonomy":"product_cat","embeddable":true,"href":"https:\/\/raktava.lt\/en\/wp-json\/wp\/v2\/product_cat?post=14967"},{"taxonomy":"product_tag","embeddable":true,"href":"https:\/\/raktava.lt\/en\/wp-json\/wp\/v2\/product_tag?post=14967"}],"curies":[{"name":"wp","href":"https:\/\/api.w.org\/{rel}","templated":true}]}}