{"id":14957,"date":"2024-09-30T14:41:54","date_gmt":"2024-09-30T11:41:54","guid":{"rendered":"https:\/\/raktava.lt\/?post_type=product&#038;p=14957"},"modified":"2024-09-30T14:41:55","modified_gmt":"2024-09-30T11:41:55","slug":"plastikiniu-pincetu-rinkinys-3vnt","status":"publish","type":"product","link":"https:\/\/raktava.lt\/en\/product\/automobiliu-remonto-irankiai\/magnetiniai-irankiai-griebtuvai-magnetai-veidrodeliai-pincetai\/plastikiniu-pincetu-rinkinys-3vnt\/","title":{"rendered":"Plastikini\u0173 pincet\u0173 rinkinys 3vnt."},"content":{"rendered":"","protected":false},"excerpt":{"rendered":"<p>Plastikini\u0173 pincet\u0173 rinkinys 3vnt.<\/p>\n","protected":false},"featured_media":14958,"comment_status":"open","ping_status":"closed","template":"","meta":[],"product_brand":[],"product_cat":[132],"product_tag":[529],"class_list":{"0":"post-14957","1":"product","2":"type-product","3":"status-publish","4":"has-post-thumbnail","6":"product_cat-magnetiniai-irankiai-griebtuvai-magnetai-veidrodeliai-pincetai","7":"product_tag-bgs-technic-vokietija","9":"first","10":"instock","11":"taxable","12":"shipping-taxable","13":"purchasable","14":"product-type-simple"},"_links":{"self":[{"href":"https:\/\/raktava.lt\/en\/wp-json\/wp\/v2\/product\/14957","targetHints":{"allow":["GET"]}}],"collection":[{"href":"https:\/\/raktava.lt\/en\/wp-json\/wp\/v2\/product"}],"about":[{"href":"https:\/\/raktava.lt\/en\/wp-json\/wp\/v2\/types\/product"}],"replies":[{"embeddable":true,"href":"https:\/\/raktava.lt\/en\/wp-json\/wp\/v2\/comments?post=14957"}],"version-history":[{"count":1,"href":"https:\/\/raktava.lt\/en\/wp-json\/wp\/v2\/product\/14957\/revisions"}],"predecessor-version":[{"id":14966,"href":"https:\/\/raktava.lt\/en\/wp-json\/wp\/v2\/product\/14957\/revisions\/14966"}],"wp:featuredmedia":[{"embeddable":true,"href":"https:\/\/raktava.lt\/en\/wp-json\/wp\/v2\/media\/14958"}],"wp:attachment":[{"href":"https:\/\/raktava.lt\/en\/wp-json\/wp\/v2\/media?parent=14957"}],"wp:term":[{"taxonomy":"product_brand","embeddable":true,"href":"https:\/\/raktava.lt\/en\/wp-json\/wp\/v2\/product_brand?post=14957"},{"taxonomy":"product_cat","embeddable":true,"href":"https:\/\/raktava.lt\/en\/wp-json\/wp\/v2\/product_cat?post=14957"},{"taxonomy":"product_tag","embeddable":true,"href":"https:\/\/raktava.lt\/en\/wp-json\/wp\/v2\/product_tag?post=14957"}],"curies":[{"name":"wp","href":"https:\/\/api.w.org\/{rel}","templated":true}]}}