{"id":14933,"date":"2024-09-30T14:30:10","date_gmt":"2024-09-30T11:30:10","guid":{"rendered":"https:\/\/raktava.lt\/?post_type=product&#038;p=14933"},"modified":"2026-01-08T15:41:27","modified_gmt":"2026-01-08T13:41:27","slug":"galiniu-sailentbloku-presavimo-irankiai-ford-volvo","status":"publish","type":"product","link":"https:\/\/raktava.lt\/en\/product\/automobiliu-remonto-irankiai\/vaziuokles-remonto-irankiai\/guoliu-sailentbloku-presavimo-irankiai\/galiniu-sailentbloku-presavimo-irankiai-ford-volvo\/","title":{"rendered":"Galini\u0173 sailentblok\u0173 presavimo \u012frankiai, Ford, Volvo"},"content":{"rendered":"","protected":false},"excerpt":{"rendered":"<p>Galini\u0173 sailentblok\u0173 presavimo \u012frankiai<\/p>\n","protected":false},"featured_media":14934,"comment_status":"open","ping_status":"closed","template":"","meta":[],"product_brand":[560],"product_cat":[103],"product_tag":[596,899,1303,900],"class_list":{"0":"post-14933","1":"product","2":"type-product","3":"status-publish","4":"has-post-thumbnail","6":"product_brand-essen-tools-germany","7":"product_cat-guoliu-sailentbloku-presavimo-irankiai","8":"product_tag-ford","9":"product_tag-galiniu-sailenbloku-presavimo-irankiai","10":"product_tag-h4784","11":"product_tag-volvo","13":"first","14":"outofstock","15":"taxable","16":"shipping-taxable","17":"purchasable","18":"product-type-simple"},"_links":{"self":[{"href":"https:\/\/raktava.lt\/en\/wp-json\/wp\/v2\/product\/14933","targetHints":{"allow":["GET"]}}],"collection":[{"href":"https:\/\/raktava.lt\/en\/wp-json\/wp\/v2\/product"}],"about":[{"href":"https:\/\/raktava.lt\/en\/wp-json\/wp\/v2\/types\/product"}],"replies":[{"embeddable":true,"href":"https:\/\/raktava.lt\/en\/wp-json\/wp\/v2\/comments?post=14933"}],"version-history":[{"count":1,"href":"https:\/\/raktava.lt\/en\/wp-json\/wp\/v2\/product\/14933\/revisions"}],"predecessor-version":[{"id":14950,"href":"https:\/\/raktava.lt\/en\/wp-json\/wp\/v2\/product\/14933\/revisions\/14950"}],"wp:featuredmedia":[{"embeddable":true,"href":"https:\/\/raktava.lt\/en\/wp-json\/wp\/v2\/media\/14934"}],"wp:attachment":[{"href":"https:\/\/raktava.lt\/en\/wp-json\/wp\/v2\/media?parent=14933"}],"wp:term":[{"taxonomy":"product_brand","embeddable":true,"href":"https:\/\/raktava.lt\/en\/wp-json\/wp\/v2\/product_brand?post=14933"},{"taxonomy":"product_cat","embeddable":true,"href":"https:\/\/raktava.lt\/en\/wp-json\/wp\/v2\/product_cat?post=14933"},{"taxonomy":"product_tag","embeddable":true,"href":"https:\/\/raktava.lt\/en\/wp-json\/wp\/v2\/product_tag?post=14933"}],"curies":[{"name":"wp","href":"https:\/\/api.w.org\/{rel}","templated":true}]}}