{"id":14817,"date":"2024-09-17T13:40:57","date_gmt":"2024-09-17T10:40:57","guid":{"rendered":"https:\/\/raktava.lt\/?post_type=product&#038;p=14817"},"modified":"2024-09-17T13:44:35","modified_gmt":"2024-09-17T10:44:35","slug":"terksles-remonto-atsargines-dalys-3-8-8-vnt","status":"publish","type":"product","link":"https:\/\/raktava.lt\/en\/product\/rankiniai-irankiai\/terksles-rankenos-slankiojancios-jungtys\/terksles-galvutems\/terksles-remonto-atsargines-dalys-3-8-8-vnt\/","title":{"rendered":"Terk\u0161l\u0117s remonto atsargin\u0117s dalys 3\/8, 8 vnt."},"content":{"rendered":"","protected":false},"excerpt":{"rendered":"<p>Terk\u0161l\u0117s remonto atsargin\u0117s dalys<\/p>\n<p>Skirta 12972 Sata terk\u0161lei<\/p>\n<p>1 vnt. Krumpliaratinis mechanizmas 60 dantuk\u0173<br \/>\n1 vnt. Reverso mechanizmas<br \/>\n1 vnt. Plok\u0161tel\u0117<br \/>\n1 vnt. Reverso ranken\u0117l\u0117<br \/>\n1 vnt. \u0160ratas<br \/>\n1 vnt. Spyruokl\u0117<br \/>\n1 vnt. Kai\u0161tis<br \/>\n1 vnt. Fiksavimo \u017eiedas<\/p>\n","protected":false},"featured_media":14818,"comment_status":"open","ping_status":"closed","template":"","meta":[],"product_brand":[],"product_cat":[49],"product_tag":[153],"class_list":{"0":"post-14817","1":"product","2":"type-product","3":"status-publish","4":"has-post-thumbnail","6":"product_cat-terksles-galvutems","7":"product_tag-sata","9":"first","10":"instock","11":"taxable","12":"shipping-taxable","13":"purchasable","14":"product-type-simple"},"_links":{"self":[{"href":"https:\/\/raktava.lt\/en\/wp-json\/wp\/v2\/product\/14817","targetHints":{"allow":["GET"]}}],"collection":[{"href":"https:\/\/raktava.lt\/en\/wp-json\/wp\/v2\/product"}],"about":[{"href":"https:\/\/raktava.lt\/en\/wp-json\/wp\/v2\/types\/product"}],"replies":[{"embeddable":true,"href":"https:\/\/raktava.lt\/en\/wp-json\/wp\/v2\/comments?post=14817"}],"version-history":[{"count":2,"href":"https:\/\/raktava.lt\/en\/wp-json\/wp\/v2\/product\/14817\/revisions"}],"predecessor-version":[{"id":14821,"href":"https:\/\/raktava.lt\/en\/wp-json\/wp\/v2\/product\/14817\/revisions\/14821"}],"wp:featuredmedia":[{"embeddable":true,"href":"https:\/\/raktava.lt\/en\/wp-json\/wp\/v2\/media\/14818"}],"wp:attachment":[{"href":"https:\/\/raktava.lt\/en\/wp-json\/wp\/v2\/media?parent=14817"}],"wp:term":[{"taxonomy":"product_brand","embeddable":true,"href":"https:\/\/raktava.lt\/en\/wp-json\/wp\/v2\/product_brand?post=14817"},{"taxonomy":"product_cat","embeddable":true,"href":"https:\/\/raktava.lt\/en\/wp-json\/wp\/v2\/product_cat?post=14817"},{"taxonomy":"product_tag","embeddable":true,"href":"https:\/\/raktava.lt\/en\/wp-json\/wp\/v2\/product_tag?post=14817"}],"curies":[{"name":"wp","href":"https:\/\/api.w.org\/{rel}","templated":true}]}}