{"id":14785,"date":"2024-09-16T15:55:07","date_gmt":"2024-09-16T12:55:07","guid":{"rendered":"https:\/\/raktava.lt\/?post_type=product&#038;p=14785"},"modified":"2026-03-20T10:15:30","modified_gmt":"2026-03-20T08:15:30","slug":"antgalis-ipresuotas-i-galvute-55mm-1-2-m17-spline","status":"publish","type":"product","link":"https:\/\/raktava.lt\/en\/product\/rankiniai-irankiai\/antgaliai-antgaliu-komplektai-ipresuoti-antgaliai\/antgaliai-ipresuoti-i-galvute-1-2\/antgalis-ipresuotas-i-galvute-55mm-1-2-m17-spline\/","title":{"rendered":"Antgalis \u012fpresuotas \u012f galvut\u0119 55mm 1\/2 M17 (Spline)"},"content":{"rendered":"","protected":false},"excerpt":{"rendered":"<p>Antgalis \u012fpresuotas \u012f galvut\u0119 55mm 1\/2 M17 (Spline)<\/p>\n","protected":false},"featured_media":14786,"comment_status":"open","ping_status":"closed","template":"","meta":[],"product_brand":[],"product_cat":[88],"product_tag":[529],"class_list":{"0":"post-14785","1":"product","2":"type-product","3":"status-publish","4":"has-post-thumbnail","6":"product_cat-antgaliai-ipresuoti-i-galvute-1-2","7":"product_tag-bgs-technic-vokietija","9":"first","10":"instock","11":"taxable","12":"shipping-taxable","13":"purchasable","14":"product-type-simple"},"_links":{"self":[{"href":"https:\/\/raktava.lt\/en\/wp-json\/wp\/v2\/product\/14785","targetHints":{"allow":["GET"]}}],"collection":[{"href":"https:\/\/raktava.lt\/en\/wp-json\/wp\/v2\/product"}],"about":[{"href":"https:\/\/raktava.lt\/en\/wp-json\/wp\/v2\/types\/product"}],"replies":[{"embeddable":true,"href":"https:\/\/raktava.lt\/en\/wp-json\/wp\/v2\/comments?post=14785"}],"version-history":[{"count":1,"href":"https:\/\/raktava.lt\/en\/wp-json\/wp\/v2\/product\/14785\/revisions"}],"predecessor-version":[{"id":14790,"href":"https:\/\/raktava.lt\/en\/wp-json\/wp\/v2\/product\/14785\/revisions\/14790"}],"wp:featuredmedia":[{"embeddable":true,"href":"https:\/\/raktava.lt\/en\/wp-json\/wp\/v2\/media\/14786"}],"wp:attachment":[{"href":"https:\/\/raktava.lt\/en\/wp-json\/wp\/v2\/media?parent=14785"}],"wp:term":[{"taxonomy":"product_brand","embeddable":true,"href":"https:\/\/raktava.lt\/en\/wp-json\/wp\/v2\/product_brand?post=14785"},{"taxonomy":"product_cat","embeddable":true,"href":"https:\/\/raktava.lt\/en\/wp-json\/wp\/v2\/product_cat?post=14785"},{"taxonomy":"product_tag","embeddable":true,"href":"https:\/\/raktava.lt\/en\/wp-json\/wp\/v2\/product_tag?post=14785"}],"curies":[{"name":"wp","href":"https:\/\/api.w.org\/{rel}","templated":true}]}}