{"id":14770,"date":"2024-09-16T11:10:27","date_gmt":"2024-09-16T08:10:27","guid":{"rendered":"https:\/\/raktava.lt\/?post_type=product&#038;p=14770"},"modified":"2026-02-25T13:40:32","modified_gmt":"2026-02-25T11:40:32","slug":"savarza-10-16mm","status":"publish","type":"product","link":"https:\/\/raktava.lt\/en\/product\/automobiliu-remonto-irankiai\/tarpines-savarzos-smeiges-kaisciai-ir-kiti-rinkiniai\/savarza-10-16mm\/","title":{"rendered":"S\u0105var\u017ea 10-16mm"},"content":{"rendered":"<p>Pagaminta i\u0161 cinkuoto plieno W1<br \/>\nAtitinka DIN 3017 standart\u0105<br \/>\nSpecialus var\u017etas leid\u017eia u\u017ever\u017eti ver\u017eliarak\u010diu ir plok\u0161\u010diu ar \u201ePhillips\u201c atsuktuvu<br \/>\nPla\u010diai naudojamos gumin\u0117ms \u017earnoms ir vamzd\u017eiams tvirtinti vandens, alyvos, pneumatin\u0117se ir kt. sistemose<\/p>\n","protected":false},"excerpt":{"rendered":"<p>S\u0105var\u017ea 10-16mm<\/p>\n","protected":false},"featured_media":14771,"comment_status":"open","ping_status":"closed","template":"","meta":[],"product_brand":[],"product_cat":[136],"product_tag":[1503,1500,1415,1502],"class_list":{"0":"post-14770","1":"product","2":"type-product","3":"status-publish","4":"has-post-thumbnail","6":"product_cat-tarpines-savarzos-smeiges-kaisciai-ir-kiti-rinkiniai","7":"product_tag-1503","8":"product_tag-norma","9":"product_tag-savarza","10":"product_tag-savarza-10-16mm","12":"first","13":"instock","14":"taxable","15":"shipping-taxable","16":"purchasable","17":"product-type-simple"},"_links":{"self":[{"href":"https:\/\/raktava.lt\/en\/wp-json\/wp\/v2\/product\/14770","targetHints":{"allow":["GET"]}}],"collection":[{"href":"https:\/\/raktava.lt\/en\/wp-json\/wp\/v2\/product"}],"about":[{"href":"https:\/\/raktava.lt\/en\/wp-json\/wp\/v2\/types\/product"}],"replies":[{"embeddable":true,"href":"https:\/\/raktava.lt\/en\/wp-json\/wp\/v2\/comments?post=14770"}],"version-history":[{"count":2,"href":"https:\/\/raktava.lt\/en\/wp-json\/wp\/v2\/product\/14770\/revisions"}],"predecessor-version":[{"id":14774,"href":"https:\/\/raktava.lt\/en\/wp-json\/wp\/v2\/product\/14770\/revisions\/14774"}],"wp:featuredmedia":[{"embeddable":true,"href":"https:\/\/raktava.lt\/en\/wp-json\/wp\/v2\/media\/14771"}],"wp:attachment":[{"href":"https:\/\/raktava.lt\/en\/wp-json\/wp\/v2\/media?parent=14770"}],"wp:term":[{"taxonomy":"product_brand","embeddable":true,"href":"https:\/\/raktava.lt\/en\/wp-json\/wp\/v2\/product_brand?post=14770"},{"taxonomy":"product_cat","embeddable":true,"href":"https:\/\/raktava.lt\/en\/wp-json\/wp\/v2\/product_cat?post=14770"},{"taxonomy":"product_tag","embeddable":true,"href":"https:\/\/raktava.lt\/en\/wp-json\/wp\/v2\/product_tag?post=14770"}],"curies":[{"name":"wp","href":"https:\/\/api.w.org\/{rel}","templated":true}]}}