{"id":14759,"date":"2024-09-12T16:44:10","date_gmt":"2024-09-12T13:44:10","guid":{"rendered":"https:\/\/raktava.lt\/?post_type=product&#038;p=14759"},"modified":"2025-06-09T16:34:08","modified_gmt":"2025-06-09T13:34:08","slug":"galvute-ilga-sesiakampe-1-2-32mm","status":"publish","type":"product","link":"https:\/\/raktava.lt\/en\/product\/rankiniai-irankiai\/galvutes-galvuciu-komplektai-laikikliai-galvutems\/1-2-galvutes-ir-ju-komplektai\/galvute-ilga-sesiakampe-1-2-32mm\/","title":{"rendered":"Galvut\u0117 ilga \u0161e\u0161iakamp\u0117 1\/2 32mm"},"content":{"rendered":"","protected":false},"excerpt":{"rendered":"<p>Galvut\u0117 ilga \u0161e\u0161iakamp\u0117 1\/2 32mm<\/p>\n","protected":false},"featured_media":14760,"comment_status":"open","ping_status":"closed","template":"","meta":[],"product_brand":[563],"product_cat":[50],"product_tag":[660,771,823],"class_list":{"0":"post-14759","1":"product","2":"type-product","3":"status-publish","4":"has-post-thumbnail","6":"product_brand-yato","7":"product_cat-1-2-galvutes-ir-ju-komplektai","8":"product_tag-galvute","9":"product_tag-galvutes-sesiakampe","10":"product_tag-yt-1240","12":"first","13":"instock","14":"taxable","15":"shipping-taxable","16":"purchasable","17":"product-type-simple"},"_links":{"self":[{"href":"https:\/\/raktava.lt\/en\/wp-json\/wp\/v2\/product\/14759","targetHints":{"allow":["GET"]}}],"collection":[{"href":"https:\/\/raktava.lt\/en\/wp-json\/wp\/v2\/product"}],"about":[{"href":"https:\/\/raktava.lt\/en\/wp-json\/wp\/v2\/types\/product"}],"replies":[{"embeddable":true,"href":"https:\/\/raktava.lt\/en\/wp-json\/wp\/v2\/comments?post=14759"}],"version-history":[{"count":2,"href":"https:\/\/raktava.lt\/en\/wp-json\/wp\/v2\/product\/14759\/revisions"}],"predecessor-version":[{"id":14763,"href":"https:\/\/raktava.lt\/en\/wp-json\/wp\/v2\/product\/14759\/revisions\/14763"}],"wp:featuredmedia":[{"embeddable":true,"href":"https:\/\/raktava.lt\/en\/wp-json\/wp\/v2\/media\/14760"}],"wp:attachment":[{"href":"https:\/\/raktava.lt\/en\/wp-json\/wp\/v2\/media?parent=14759"}],"wp:term":[{"taxonomy":"product_brand","embeddable":true,"href":"https:\/\/raktava.lt\/en\/wp-json\/wp\/v2\/product_brand?post=14759"},{"taxonomy":"product_cat","embeddable":true,"href":"https:\/\/raktava.lt\/en\/wp-json\/wp\/v2\/product_cat?post=14759"},{"taxonomy":"product_tag","embeddable":true,"href":"https:\/\/raktava.lt\/en\/wp-json\/wp\/v2\/product_tag?post=14759"}],"curies":[{"name":"wp","href":"https:\/\/api.w.org\/{rel}","templated":true}]}}