{"id":14745,"date":"2024-09-12T16:28:34","date_gmt":"2024-09-12T13:28:34","guid":{"rendered":"https:\/\/raktava.lt\/?post_type=product&#038;p=14745"},"modified":"2024-09-20T09:59:09","modified_gmt":"2024-09-20T06:59:09","slug":"tuscias-deklas-kilpiniams-raktams-12-kiseniu","status":"publish","type":"product","link":"https:\/\/raktava.lt\/en\/product\/rankiniai-irankiai\/verzliarakciai-verzliarakciu-komplektai\/deklai-raktams\/tuscias-deklas-kilpiniams-raktams-12-kiseniu\/","title":{"rendered":"Tu\u0161\u010dias d\u0117klas kilpiniams raktams 12 ki\u0161eni\u0173"},"content":{"rendered":"","protected":false},"excerpt":{"rendered":"<p>Tu\u0161\u010dias d\u0117klas kilpiniams raktams 12 ki\u0161eni\u0173<\/p>\n","protected":false},"featured_media":14746,"comment_status":"open","ping_status":"closed","template":"","meta":[],"product_brand":[],"product_cat":[37],"product_tag":[529],"class_list":{"0":"post-14745","1":"product","2":"type-product","3":"status-publish","4":"has-post-thumbnail","6":"product_cat-deklai-raktams","7":"product_tag-bgs-technic-vokietija","9":"first","10":"instock","11":"taxable","12":"shipping-taxable","13":"purchasable","14":"product-type-simple"},"_links":{"self":[{"href":"https:\/\/raktava.lt\/en\/wp-json\/wp\/v2\/product\/14745","targetHints":{"allow":["GET"]}}],"collection":[{"href":"https:\/\/raktava.lt\/en\/wp-json\/wp\/v2\/product"}],"about":[{"href":"https:\/\/raktava.lt\/en\/wp-json\/wp\/v2\/types\/product"}],"replies":[{"embeddable":true,"href":"https:\/\/raktava.lt\/en\/wp-json\/wp\/v2\/comments?post=14745"}],"version-history":[{"count":2,"href":"https:\/\/raktava.lt\/en\/wp-json\/wp\/v2\/product\/14745\/revisions"}],"predecessor-version":[{"id":14749,"href":"https:\/\/raktava.lt\/en\/wp-json\/wp\/v2\/product\/14745\/revisions\/14749"}],"wp:featuredmedia":[{"embeddable":true,"href":"https:\/\/raktava.lt\/en\/wp-json\/wp\/v2\/media\/14746"}],"wp:attachment":[{"href":"https:\/\/raktava.lt\/en\/wp-json\/wp\/v2\/media?parent=14745"}],"wp:term":[{"taxonomy":"product_brand","embeddable":true,"href":"https:\/\/raktava.lt\/en\/wp-json\/wp\/v2\/product_brand?post=14745"},{"taxonomy":"product_cat","embeddable":true,"href":"https:\/\/raktava.lt\/en\/wp-json\/wp\/v2\/product_cat?post=14745"},{"taxonomy":"product_tag","embeddable":true,"href":"https:\/\/raktava.lt\/en\/wp-json\/wp\/v2\/product_tag?post=14745"}],"curies":[{"name":"wp","href":"https:\/\/api.w.org\/{rel}","templated":true}]}}