{"id":14736,"date":"2024-09-12T15:30:43","date_gmt":"2024-09-12T12:30:43","guid":{"rendered":"https:\/\/raktava.lt\/?post_type=product&#038;p=14736"},"modified":"2025-12-03T16:13:44","modified_gmt":"2025-12-03T14:13:44","slug":"tuscias-deklas-verzliarakciams-su-25-kisenemis","status":"publish","type":"product","link":"https:\/\/raktava.lt\/en\/product\/rankiniai-irankiai\/verzliarakciai-verzliarakciu-komplektai\/deklai-raktams\/tuscias-deklas-verzliarakciams-su-25-kisenemis\/","title":{"rendered":"Tu\u0161\u010dias d\u0117klas ver\u017eliarak\u010diams su 25 ki\u0161en\u0117mis"},"content":{"rendered":"","protected":false},"excerpt":{"rendered":"<p>Tu\u0161\u010dias d\u0117klas ver\u017eliarak\u010diams su 25 ki\u0161en\u0117mis<\/p>\n","protected":false},"featured_media":14741,"comment_status":"open","ping_status":"closed","template":"","meta":[],"product_brand":[571],"product_cat":[37],"product_tag":[1132,680,1131],"class_list":{"0":"post-14736","1":"product","2":"type-product","3":"status-publish","4":"has-post-thumbnail","6":"product_brand-bgs-technic-germany","7":"product_cat-deklai-raktams","8":"product_tag-6-32mm","9":"product_tag-deklas-raktams","10":"product_tag-deklas-verzliarakciams","12":"first","13":"outofstock","14":"taxable","15":"shipping-taxable","16":"purchasable","17":"product-type-simple"},"_links":{"self":[{"href":"https:\/\/raktava.lt\/en\/wp-json\/wp\/v2\/product\/14736","targetHints":{"allow":["GET"]}}],"collection":[{"href":"https:\/\/raktava.lt\/en\/wp-json\/wp\/v2\/product"}],"about":[{"href":"https:\/\/raktava.lt\/en\/wp-json\/wp\/v2\/types\/product"}],"replies":[{"embeddable":true,"href":"https:\/\/raktava.lt\/en\/wp-json\/wp\/v2\/comments?post=14736"}],"version-history":[{"count":2,"href":"https:\/\/raktava.lt\/en\/wp-json\/wp\/v2\/product\/14736\/revisions"}],"predecessor-version":[{"id":14744,"href":"https:\/\/raktava.lt\/en\/wp-json\/wp\/v2\/product\/14736\/revisions\/14744"}],"wp:featuredmedia":[{"embeddable":true,"href":"https:\/\/raktava.lt\/en\/wp-json\/wp\/v2\/media\/14741"}],"wp:attachment":[{"href":"https:\/\/raktava.lt\/en\/wp-json\/wp\/v2\/media?parent=14736"}],"wp:term":[{"taxonomy":"product_brand","embeddable":true,"href":"https:\/\/raktava.lt\/en\/wp-json\/wp\/v2\/product_brand?post=14736"},{"taxonomy":"product_cat","embeddable":true,"href":"https:\/\/raktava.lt\/en\/wp-json\/wp\/v2\/product_cat?post=14736"},{"taxonomy":"product_tag","embeddable":true,"href":"https:\/\/raktava.lt\/en\/wp-json\/wp\/v2\/product_tag?post=14736"}],"curies":[{"name":"wp","href":"https:\/\/api.w.org\/{rel}","templated":true}]}}