{"id":14705,"date":"2024-09-12T14:08:53","date_gmt":"2024-09-12T11:08:53","guid":{"rendered":"https:\/\/raktava.lt\/?post_type=product&#038;p=14705"},"modified":"2025-08-12T16:28:44","modified_gmt":"2025-08-12T13:28:44","slug":"galvuciu-su-terksle-komplektas-3-8","status":"publish","type":"product","link":"https:\/\/raktava.lt\/en\/product\/rankiniai-irankiai\/galvutes-galvuciu-komplektai-laikikliai-galvutems\/3-8-galvutes-ir-ju-komplektai\/galvuciu-su-terksle-komplektas-3-8\/","title":{"rendered":"Galvu\u010di\u0173 su terk\u0161le komplektas 3\/8"},"content":{"rendered":"","protected":false},"excerpt":{"rendered":"<p>Galvu\u010di\u0173 su terk\u0161le komplektas 3\/8<\/p>\n","protected":false},"featured_media":14706,"comment_status":"open","ping_status":"closed","template":"","meta":[],"product_brand":[563],"product_cat":[94],"product_tag":[724,790],"class_list":{"0":"post-14705","1":"product","2":"type-product","3":"status-publish","4":"has-post-thumbnail","6":"product_brand-yato","7":"product_cat-3-8-galvutes-ir-ju-komplektai","8":"product_tag-galvuciu-komplektas","9":"product_tag-galvut","11":"first","12":"instock","13":"taxable","14":"shipping-taxable","15":"purchasable","16":"product-type-simple"},"_links":{"self":[{"href":"https:\/\/raktava.lt\/en\/wp-json\/wp\/v2\/product\/14705","targetHints":{"allow":["GET"]}}],"collection":[{"href":"https:\/\/raktava.lt\/en\/wp-json\/wp\/v2\/product"}],"about":[{"href":"https:\/\/raktava.lt\/en\/wp-json\/wp\/v2\/types\/product"}],"replies":[{"embeddable":true,"href":"https:\/\/raktava.lt\/en\/wp-json\/wp\/v2\/comments?post=14705"}],"version-history":[{"count":1,"href":"https:\/\/raktava.lt\/en\/wp-json\/wp\/v2\/product\/14705\/revisions"}],"predecessor-version":[{"id":14718,"href":"https:\/\/raktava.lt\/en\/wp-json\/wp\/v2\/product\/14705\/revisions\/14718"}],"wp:featuredmedia":[{"embeddable":true,"href":"https:\/\/raktava.lt\/en\/wp-json\/wp\/v2\/media\/14706"}],"wp:attachment":[{"href":"https:\/\/raktava.lt\/en\/wp-json\/wp\/v2\/media?parent=14705"}],"wp:term":[{"taxonomy":"product_brand","embeddable":true,"href":"https:\/\/raktava.lt\/en\/wp-json\/wp\/v2\/product_brand?post=14705"},{"taxonomy":"product_cat","embeddable":true,"href":"https:\/\/raktava.lt\/en\/wp-json\/wp\/v2\/product_cat?post=14705"},{"taxonomy":"product_tag","embeddable":true,"href":"https:\/\/raktava.lt\/en\/wp-json\/wp\/v2\/product_tag?post=14705"}],"curies":[{"name":"wp","href":"https:\/\/api.w.org\/{rel}","templated":true}]}}