{"id":14679,"date":"2024-09-12T09:29:48","date_gmt":"2024-09-12T06:29:48","guid":{"rendered":"https:\/\/raktava.lt\/?post_type=product&#038;p=14679"},"modified":"2026-03-23T12:19:14","modified_gmt":"2026-03-23T10:19:14","slug":"sriegikliu-ir-sriegpjoviu-rinkinys-m3-m12","status":"publish","type":"product","link":"https:\/\/raktava.lt\/en\/product\/metalo-apdirbimo-irankiai\/irankiai-sriegimui-sriegikliai-sriegpjoves-sriegmaciai\/sriegikliu-ir-sriegpjoviu-rinkinys-m3-m12\/","title":{"rendered":"Sriegikli\u0173 ir sriegpjovi\u0173 rinkinys M3-M12"},"content":{"rendered":"<p>Plieno lydinys<br \/>\n7&#215;3 vnt. Sriegikli\u0173 su \u0161iurk\u0161\u010diu, vidutiniu ir glotniu sriegiu DIN352 M3, M4, M5, M6, M8, M10, M12<br \/>\n7 vnt. Sriegpjovi\u0173 DIN223 M3, M4, M5, M6, M8, M10, M12<br \/>\n1 vnt. Reguliuojama sriegpjov\u0117s atrama<br \/>\n1 vnt. Reguliuojamas sriegiklio laikiklis<br \/>\n1 vnt. Sriegio \u017eingsnio matuoklis<br \/>\n1 vnt. Atsuktuvas<br \/>\nMetalin\u0117 d\u0117\u017eut\u0117<\/p>\n","protected":false},"excerpt":{"rendered":"<p>Sriegikli\u0173 ir sriegpjovi\u0173 rinkinys M3-M12 32vnt.<\/p>\n","protected":false},"featured_media":14680,"comment_status":"open","ping_status":"closed","template":"","meta":[],"product_brand":[560],"product_cat":[102],"product_tag":[2137,2136],"class_list":{"0":"post-14679","1":"product","2":"type-product","3":"status-publish","4":"has-post-thumbnail","6":"product_brand-essen-tools-germany","7":"product_cat-irankiai-sriegimui-sriegikliai-sriegpjoves-sriegmaciai","8":"product_tag-m3-m12","9":"product_tag-sriegikliu-ir-sriegpjoviu-rinkinys","11":"first","12":"instock","13":"taxable","14":"shipping-taxable","15":"purchasable","16":"product-type-simple"},"_links":{"self":[{"href":"https:\/\/raktava.lt\/en\/wp-json\/wp\/v2\/product\/14679","targetHints":{"allow":["GET"]}}],"collection":[{"href":"https:\/\/raktava.lt\/en\/wp-json\/wp\/v2\/product"}],"about":[{"href":"https:\/\/raktava.lt\/en\/wp-json\/wp\/v2\/types\/product"}],"replies":[{"embeddable":true,"href":"https:\/\/raktava.lt\/en\/wp-json\/wp\/v2\/comments?post=14679"}],"version-history":[{"count":2,"href":"https:\/\/raktava.lt\/en\/wp-json\/wp\/v2\/product\/14679\/revisions"}],"predecessor-version":[{"id":14701,"href":"https:\/\/raktava.lt\/en\/wp-json\/wp\/v2\/product\/14679\/revisions\/14701"}],"wp:featuredmedia":[{"embeddable":true,"href":"https:\/\/raktava.lt\/en\/wp-json\/wp\/v2\/media\/14680"}],"wp:attachment":[{"href":"https:\/\/raktava.lt\/en\/wp-json\/wp\/v2\/media?parent=14679"}],"wp:term":[{"taxonomy":"product_brand","embeddable":true,"href":"https:\/\/raktava.lt\/en\/wp-json\/wp\/v2\/product_brand?post=14679"},{"taxonomy":"product_cat","embeddable":true,"href":"https:\/\/raktava.lt\/en\/wp-json\/wp\/v2\/product_cat?post=14679"},{"taxonomy":"product_tag","embeddable":true,"href":"https:\/\/raktava.lt\/en\/wp-json\/wp\/v2\/product_tag?post=14679"}],"curies":[{"name":"wp","href":"https:\/\/api.w.org\/{rel}","templated":true}]}}