{"id":14638,"date":"2024-09-09T12:29:28","date_gmt":"2024-09-09T09:29:28","guid":{"rendered":"https:\/\/raktava.lt\/?post_type=product&#038;p=14638"},"modified":"2026-01-02T13:22:04","modified_gmt":"2026-01-02T11:22:04","slug":"graztas-metalui-13mm","status":"publish","type":"product","link":"https:\/\/raktava.lt\/en\/product\/metalo-apdirbimo-irankiai\/graztai-ju-komplektai\/graztas-metalui-13mm\/","title":{"rendered":"Gr\u0105\u017etas metalui 13mm"},"content":{"rendered":"<p class=\"typography text v2 xrwjQa\" data-v-2a0bbf6b=\"\">Tipas:\u00a0<span class=\"QshczY\" data-v-2a0bbf6b=\"\">spiral\u0117<\/span><\/p>\n<p class=\"typography text v2 xrwjQa\" data-v-2a0bbf6b=\"\">Skersmuo:\u00a0<span class=\"QshczY\" data-v-2a0bbf6b=\"\">13 mm<\/span><\/p>\n<p class=\"typography text v2 xrwjQa\" data-v-2a0bbf6b=\"\">Koto tipas:\u00a0<span class=\"QshczY\" data-v-2a0bbf6b=\"\">cilindrinis<\/span><\/p>\n<p class=\"typography text v2 xrwjQa\" data-v-2a0bbf6b=\"\">Apdorojimo med\u017eiaga:\u00a0<span class=\"QshczY\" data-v-2a0bbf6b=\"\">metalas<\/span><\/p>\n<p data-v-2a0bbf6b=\"\">Gr\u0119\u017eimo med\u017eiaga:\u00a0<span class=\"QshczY\" data-v-2a0bbf6b=\"\">HSS-CO<\/span><\/p>\n","protected":false},"excerpt":{"rendered":"<p>Gr\u0105\u017etas metalui 13mm<\/p>\n","protected":false},"featured_media":14639,"comment_status":"open","ping_status":"closed","template":"","meta":[],"product_brand":[],"product_cat":[220],"product_tag":[],"class_list":{"0":"post-14638","1":"product","2":"type-product","3":"status-publish","4":"has-post-thumbnail","6":"product_cat-graztai-ju-komplektai","8":"first","9":"instock","10":"taxable","11":"shipping-taxable","12":"purchasable","13":"product-type-simple"},"_links":{"self":[{"href":"https:\/\/raktava.lt\/en\/wp-json\/wp\/v2\/product\/14638","targetHints":{"allow":["GET"]}}],"collection":[{"href":"https:\/\/raktava.lt\/en\/wp-json\/wp\/v2\/product"}],"about":[{"href":"https:\/\/raktava.lt\/en\/wp-json\/wp\/v2\/types\/product"}],"replies":[{"embeddable":true,"href":"https:\/\/raktava.lt\/en\/wp-json\/wp\/v2\/comments?post=14638"}],"version-history":[{"count":2,"href":"https:\/\/raktava.lt\/en\/wp-json\/wp\/v2\/product\/14638\/revisions"}],"predecessor-version":[{"id":14642,"href":"https:\/\/raktava.lt\/en\/wp-json\/wp\/v2\/product\/14638\/revisions\/14642"}],"wp:featuredmedia":[{"embeddable":true,"href":"https:\/\/raktava.lt\/en\/wp-json\/wp\/v2\/media\/14639"}],"wp:attachment":[{"href":"https:\/\/raktava.lt\/en\/wp-json\/wp\/v2\/media?parent=14638"}],"wp:term":[{"taxonomy":"product_brand","embeddable":true,"href":"https:\/\/raktava.lt\/en\/wp-json\/wp\/v2\/product_brand?post=14638"},{"taxonomy":"product_cat","embeddable":true,"href":"https:\/\/raktava.lt\/en\/wp-json\/wp\/v2\/product_cat?post=14638"},{"taxonomy":"product_tag","embeddable":true,"href":"https:\/\/raktava.lt\/en\/wp-json\/wp\/v2\/product_tag?post=14638"}],"curies":[{"name":"wp","href":"https:\/\/api.w.org\/{rel}","templated":true}]}}