{"id":14604,"date":"2024-09-05T10:23:57","date_gmt":"2024-09-05T07:23:57","guid":{"rendered":"https:\/\/raktava.lt\/?post_type=product&#038;p=14604"},"modified":"2024-09-05T12:13:41","modified_gmt":"2024-09-05T09:13:41","slug":"nuemejas-trikojis-150mm","status":"publish","type":"product","link":"https:\/\/raktava.lt\/en\/product\/automative-service-tools\/tools-for-removing\/bearing-bushing-removal-kits\/nuemejas-trikojis-150mm\/","title":{"rendered":"Nu\u0117m\u0117jas trikojis 150mm"},"content":{"rendered":"","protected":false},"excerpt":{"rendered":"<p>Nu\u0117m\u0117jas trikojis 150mm<\/p>\n","protected":false},"featured_media":14596,"comment_status":"open","ping_status":"closed","template":"","meta":[],"product_brand":[],"product_cat":[113],"product_tag":[76],"class_list":{"0":"post-14604","1":"product","2":"type-product","3":"status-publish","4":"has-post-thumbnail","6":"product_cat-guoliu-ivoriu-nuemimo-komplektai","7":"product_tag-condor-werkzeug-vokietija","9":"first","10":"instock","11":"taxable","12":"shipping-taxable","13":"purchasable","14":"product-type-simple"},"_links":{"self":[{"href":"https:\/\/raktava.lt\/en\/wp-json\/wp\/v2\/product\/14604","targetHints":{"allow":["GET"]}}],"collection":[{"href":"https:\/\/raktava.lt\/en\/wp-json\/wp\/v2\/product"}],"about":[{"href":"https:\/\/raktava.lt\/en\/wp-json\/wp\/v2\/types\/product"}],"replies":[{"embeddable":true,"href":"https:\/\/raktava.lt\/en\/wp-json\/wp\/v2\/comments?post=14604"}],"version-history":[{"count":1,"href":"https:\/\/raktava.lt\/en\/wp-json\/wp\/v2\/product\/14604\/revisions"}],"predecessor-version":[{"id":14605,"href":"https:\/\/raktava.lt\/en\/wp-json\/wp\/v2\/product\/14604\/revisions\/14605"}],"wp:featuredmedia":[{"embeddable":true,"href":"https:\/\/raktava.lt\/en\/wp-json\/wp\/v2\/media\/14596"}],"wp:attachment":[{"href":"https:\/\/raktava.lt\/en\/wp-json\/wp\/v2\/media?parent=14604"}],"wp:term":[{"taxonomy":"product_brand","embeddable":true,"href":"https:\/\/raktava.lt\/en\/wp-json\/wp\/v2\/product_brand?post=14604"},{"taxonomy":"product_cat","embeddable":true,"href":"https:\/\/raktava.lt\/en\/wp-json\/wp\/v2\/product_cat?post=14604"},{"taxonomy":"product_tag","embeddable":true,"href":"https:\/\/raktava.lt\/en\/wp-json\/wp\/v2\/product_tag?post=14604"}],"curies":[{"name":"wp","href":"https:\/\/api.w.org\/{rel}","templated":true}]}}