{"id":14602,"date":"2024-09-05T10:22:13","date_gmt":"2024-09-05T07:22:13","guid":{"rendered":"https:\/\/raktava.lt\/?post_type=product&#038;p=14602"},"modified":"2026-01-14T09:50:52","modified_gmt":"2026-01-14T07:50:52","slug":"nuemejas-trikojis-100mm","status":"publish","type":"product","link":"https:\/\/raktava.lt\/en\/product\/automative-service-tools\/tools-for-removing\/bearing-bushing-removal-kits\/nuemejas-trikojis-100mm\/","title":{"rendered":"Nu\u0117m\u0117jas trikojis 100mm"},"content":{"rendered":"","protected":false},"excerpt":{"rendered":"<p>Nu\u0117m\u0117jas trikojis 100mm<\/p>\n","protected":false},"featured_media":14596,"comment_status":"open","ping_status":"closed","template":"","meta":[],"product_brand":[589],"product_cat":[113],"product_tag":[1939,1938],"class_list":{"0":"post-14602","1":"product","2":"type-product","3":"status-publish","4":"has-post-thumbnail","6":"product_brand-condor-werkzeug-vokietija","7":"product_cat-guoliu-ivoriu-nuemimo-komplektai","8":"product_tag-c0142-100","9":"product_tag-nuemejas-trikojis-100mm","11":"first","12":"instock","13":"taxable","14":"shipping-taxable","15":"purchasable","16":"product-type-simple"},"_links":{"self":[{"href":"https:\/\/raktava.lt\/en\/wp-json\/wp\/v2\/product\/14602","targetHints":{"allow":["GET"]}}],"collection":[{"href":"https:\/\/raktava.lt\/en\/wp-json\/wp\/v2\/product"}],"about":[{"href":"https:\/\/raktava.lt\/en\/wp-json\/wp\/v2\/types\/product"}],"replies":[{"embeddable":true,"href":"https:\/\/raktava.lt\/en\/wp-json\/wp\/v2\/comments?post=14602"}],"version-history":[{"count":1,"href":"https:\/\/raktava.lt\/en\/wp-json\/wp\/v2\/product\/14602\/revisions"}],"predecessor-version":[{"id":14603,"href":"https:\/\/raktava.lt\/en\/wp-json\/wp\/v2\/product\/14602\/revisions\/14603"}],"wp:featuredmedia":[{"embeddable":true,"href":"https:\/\/raktava.lt\/en\/wp-json\/wp\/v2\/media\/14596"}],"wp:attachment":[{"href":"https:\/\/raktava.lt\/en\/wp-json\/wp\/v2\/media?parent=14602"}],"wp:term":[{"taxonomy":"product_brand","embeddable":true,"href":"https:\/\/raktava.lt\/en\/wp-json\/wp\/v2\/product_brand?post=14602"},{"taxonomy":"product_cat","embeddable":true,"href":"https:\/\/raktava.lt\/en\/wp-json\/wp\/v2\/product_cat?post=14602"},{"taxonomy":"product_tag","embeddable":true,"href":"https:\/\/raktava.lt\/en\/wp-json\/wp\/v2\/product_tag?post=14602"}],"curies":[{"name":"wp","href":"https:\/\/api.w.org\/{rel}","templated":true}]}}