{"id":14516,"date":"2024-08-30T14:55:31","date_gmt":"2024-08-30T11:55:31","guid":{"rendered":"https:\/\/raktava.lt\/?post_type=product&#038;p=14516"},"modified":"2026-04-10T11:52:20","modified_gmt":"2026-04-10T08:52:20","slug":"alyva-4-takt-agro-mannol-1l","status":"publish","type":"product","link":"https:\/\/raktava.lt\/en\/product\/autochemija\/alyva-kompresoriams-pneumatikai-hidraulikai\/alyva-4-takt-agro-mannol-1l\/","title":{"rendered":"Alyva 4-takt AGRO MANNOL 1L"},"content":{"rendered":"<p>Auk\u0161tos kokyb\u0117s mineralin\u0117 variklin\u0117 alyva, skirta \u0161iuolaikiniams ma\u017eiems sodo technikos 4 takt\u0173 varikliams. Produkto savyb\u0117s: &#8211; Ji pasi\u017eymi padidintu atsparumu oksidacijai ir auk\u0161tai temperat\u016brai, kurioje i\u0161laiko stipri\u0105 alyvos pl\u0117vel\u0119. Ji u\u017etikrina \u0161alt\u0105 u\u017evedim\u0105 \u017eiem\u0105; &#8211; Eksploatacijos metu i\u0161laiko stabilias klampumo savybes; &#8211; \u0160iuolaikinis pried\u0173 paketas ir labai i\u0161gryninta baz\u0117 u\u017etikrina stabil\u0173 variklio veikim\u0105 bet kokiomis eksploatavimo s\u0105lygomis, \u012fskaitant auk\u0161t\u0105 temperat\u016br\u0105 ir apkrovas, neleid\u017eia susidaryti anglies nuos\u0117doms ir lakui ant purk\u0161tuk\u0173, st\u016bmokli\u0173, \u017evaki\u0173, \u017evaki\u0173, vo\u017etuv\u0173, purk\u0161tuk\u0173 ir nuos\u0117doms variklio korpuse, taip pailgindama variklio tarnavimo laik\u0105; &#8211; Special\u016bs plovikli\u0173 dispersijos priedai palaiko ideali\u0105 variklio dali\u0173 \u0161var\u0105; &#8211; pasi\u017eymi puikiomis putojim\u0105 stabdan\u010diomis savyb\u0117mis; &#8211; Auk\u0161tos kokyb\u0117s reakcijos inhibitoriai u\u017etikrina puikias antikorozines savybes; &#8211; Special\u016bs priedai ir didelio klampumo baz\u0117 u\u017etikrina puikias dilimo ma\u017einimo ir antifrikcines savybes, kurios ma\u017eina degal\u0173 s\u0105naudas ir didina variklio gali\u0105; &#8211; Gali b\u016bti mai\u0161oma su analogi\u0161komis mineralin\u0117mis ir sintetin\u0117mis alyvomis; &#8211; Suderinama su vis\u0173 tip\u0173 katalizatori\u0173 konverteriais, turi pailgint\u0105 keitimo am\u017ei\u0173. Skirta sodo technikai su benzininiais 4 takt\u0173 varikliais su oro ir skys\u010dio au\u0161inimu: vejapjov\u0117ms, elektriniams kultivatoriams, mini traktoriams, generatoriams, elektriniams siurbliams ir kt. Laikykit\u0117s gamintojo nurodym\u0173, pateikt\u0173 variklio naudotojo vadove, ypa\u010d alyvos keitimo am\u017eiaus!<\/p>\n<p><img decoding=\"async\" src=\"https:\/\/www.liudoirankiai.com\/images\/uploader\/ma\/108x108\/mannol-2-1.jpg\" alt=\"mannol-2-1\" \/><\/p>\n<hr \/>\n<p><em>Nurodytos kainos galioja perkant internetu.<\/em><\/p>\n","protected":false},"excerpt":{"rendered":"<p><span style=\"vertical-align: inherit;\"><span style=\"vertical-align: inherit;\">Alyva 4-takt AGRO MANNOL 1L<\/span><\/span><\/p>\n<p>&nbsp;<\/p>\n","protected":false},"featured_media":14517,"comment_status":"open","ping_status":"closed","template":"","meta":[],"product_brand":[],"product_cat":[24],"product_tag":[2268,775,2266,2267,545],"class_list":{"0":"post-14516","1":"product","2":"type-product","3":"status-publish","4":"has-post-thumbnail","6":"product_cat-alyva-kompresoriams-pneumatikai-hidraulikai","7":"product_tag-2268","8":"product_tag-alyva","9":"product_tag-alyva-4-takt","10":"product_tag-keturtakte-alyva","11":"product_tag-manool","13":"first","14":"instock","15":"taxable","16":"shipping-taxable","17":"purchasable","18":"product-type-simple"},"_links":{"self":[{"href":"https:\/\/raktava.lt\/en\/wp-json\/wp\/v2\/product\/14516","targetHints":{"allow":["GET"]}}],"collection":[{"href":"https:\/\/raktava.lt\/en\/wp-json\/wp\/v2\/product"}],"about":[{"href":"https:\/\/raktava.lt\/en\/wp-json\/wp\/v2\/types\/product"}],"replies":[{"embeddable":true,"href":"https:\/\/raktava.lt\/en\/wp-json\/wp\/v2\/comments?post=14516"}],"version-history":[{"count":5,"href":"https:\/\/raktava.lt\/en\/wp-json\/wp\/v2\/product\/14516\/revisions"}],"predecessor-version":[{"id":19235,"href":"https:\/\/raktava.lt\/en\/wp-json\/wp\/v2\/product\/14516\/revisions\/19235"}],"wp:featuredmedia":[{"embeddable":true,"href":"https:\/\/raktava.lt\/en\/wp-json\/wp\/v2\/media\/14517"}],"wp:attachment":[{"href":"https:\/\/raktava.lt\/en\/wp-json\/wp\/v2\/media?parent=14516"}],"wp:term":[{"taxonomy":"product_brand","embeddable":true,"href":"https:\/\/raktava.lt\/en\/wp-json\/wp\/v2\/product_brand?post=14516"},{"taxonomy":"product_cat","embeddable":true,"href":"https:\/\/raktava.lt\/en\/wp-json\/wp\/v2\/product_cat?post=14516"},{"taxonomy":"product_tag","embeddable":true,"href":"https:\/\/raktava.lt\/en\/wp-json\/wp\/v2\/product_tag?post=14516"}],"curies":[{"name":"wp","href":"https:\/\/api.w.org\/{rel}","templated":true}]}}