{"id":14442,"date":"2024-08-28T10:09:47","date_gmt":"2024-08-28T07:09:47","guid":{"rendered":"https:\/\/raktava.lt\/?post_type=product&#038;p=14442"},"modified":"2024-08-28T10:10:41","modified_gmt":"2024-08-28T07:10:41","slug":"automatinis-centro-zymeklis-140mm","status":"publish","type":"product","link":"https:\/\/raktava.lt\/en\/product\/rankiniai-irankiai\/ismusimo-iskalimo-irankiai-kaltai-ismusikliai-zymekliai-centro-zymekliai-skyliu-ismusejai\/automatinis-centro-zymeklis-140mm\/","title":{"rendered":"Automatinis centro \u017eymeklis 140mm"},"content":{"rendered":"<ul>\n<li id=\"tw-target-text\" class=\"tw-data-text tw-text-large tw-ta\" dir=\"ltr\" data-placeholder=\"Vertimas\" aria-label=\"I\u0161verstas tekstas\" data-ved=\"2ahUKEwj4srr_jpeIAxVEgP0HHUDyAtwQ3ewLegQIBxAU\"><span class=\"Y2IQFc\" lang=\"lt\"><span style=\"vertical-align: inherit;\"><span style=\"vertical-align: inherit;\"><span style=\"vertical-align: inherit;\"><span style=\"vertical-align: inherit;\">\u017dymekliai skirti greitai ir tiksliai pa\u017eym\u0117ti ta\u0161k\u0105 ant ruo\u0161inio pavir\u0161iaus, pvz. Mediena, metalas arba plastikas.<\/span><\/span><\/span><\/span><\/span><\/li>\n<li class=\"tw-data-text tw-text-large tw-ta\" dir=\"ltr\" data-placeholder=\"Vertimas\" aria-label=\"I\u0161verstas tekstas\" data-ved=\"2ahUKEwj4srr_jpeIAxVEgP0HHUDyAtwQ3ewLegQIBxAU\"><span class=\"Y2IQFc\" lang=\"lt\"><span style=\"vertical-align: inherit;\"><span style=\"vertical-align: inherit;\"><span style=\"vertical-align: inherit;\"><span style=\"vertical-align: inherit;\">naudoti naudoti ta\u0161kui \u017eym\u0117ti prie\u0161 gr\u0119\u017eim\u0105.<\/span><\/span><\/span><\/span><\/span><\/li>\n<li class=\"tw-data-text tw-text-large tw-ta\" dir=\"ltr\" data-placeholder=\"Vertimas\" aria-label=\"I\u0161verstas tekstas\" data-ved=\"2ahUKEwj4srr_jpeIAxVEgP0HHUDyAtwQ3ewLegQIBxAU\"><span class=\"Y2IQFc\" lang=\"lt\"><span style=\"vertical-align: inherit;\"><span style=\"vertical-align: inherit;\"><span style=\"vertical-align: inherit;\"><span style=\"vertical-align: inherit;\">Vadinamasis \u012fbr\u0117\u017eimas palengvina gr\u0119\u017eimo prad\u017ei\u0105, apribodamas neigiam\u0105 gr\u0105\u017eto jud\u0117jimo nuo med\u017eiag\u0173 pavir\u0161iaus poveik\u012f.<\/span><\/span><\/span><\/span><\/span><\/li>\n<li class=\"tw-data-text tw-text-large tw-ta\" dir=\"ltr\" data-placeholder=\"Vertimas\" aria-label=\"I\u0161verstas tekstas\" data-ved=\"2ahUKEwj4srr_jpeIAxVEgP0HHUDyAtwQ3ewLegQIBxAU\"><span class=\"Y2IQFc\" lang=\"lt\"><span style=\"vertical-align: inherit;\"><span style=\"vertical-align: inherit;\"><span style=\"vertical-align: inherit;\"><span style=\"vertical-align: inherit;\">\u017dym\u0117jimas atliekamas smogiant a\u0161triu sm\u016bgio galu \u012f med\u017eiag\u0105.<\/span><\/span><\/span><\/span><\/span><\/li>\n<li class=\"tw-data-text tw-text-large tw-ta\" dir=\"ltr\" data-placeholder=\"Vertimas\" aria-label=\"I\u0161verstas tekstas\" data-ved=\"2ahUKEwj4srr_jpeIAxVEgP0HHUDyAtwQ3ewLegQIBxAU\"><span class=\"Y2IQFc\" lang=\"lt\"><span style=\"vertical-align: inherit;\"><span style=\"vertical-align: inherit;\"><span style=\"vertical-align: inherit;\"><span style=\"vertical-align: inherit;\">Tradicinis ta\u0161k\u0173 skai\u010diavimo metodas apima plaktuko naudojim\u0105.<\/span><\/span><\/span><\/span><\/span><\/li>\n<li class=\"tw-data-text tw-text-large tw-ta\" dir=\"ltr\" data-placeholder=\"Vertimas\" aria-label=\"I\u0161verstas tekstas\" data-ved=\"2ahUKEwj4srr_jpeIAxVEgP0HHUDyAtwQ3ewLegQIBxAU\"><span class=\"Y2IQFc\" lang=\"lt\"><span style=\"vertical-align: inherit;\"><span style=\"vertical-align: inherit;\"><span style=\"vertical-align: inherit;\"><span style=\"vertical-align: inherit;\">Pateikti \u017eymekliai atsiliepim\u0173 med\u017eiaga d\u0117l stiprios <\/span><\/span><\/span><\/span><\/span><span class=\"Y2IQFc\" lang=\"lt\"><span style=\"vertical-align: inherit;\"><span style=\"vertical-align: inherit;\"><span style=\"vertical-align: inherit;\"><span style=\"vertical-align: inherit;\">vidin\u0117s spyruokl\u0117s, judan\u010dio plieno, gr\u016bdint\u0173 smaili\u0173. Tod\u0117l jie pa\u0161alina poreik\u012f ne\u0161iotis sunk\u0173 plaktuk\u0105.<\/span><\/span><\/span><\/span><\/span><\/li>\n<li class=\"tw-data-text tw-text-large tw-ta\" dir=\"ltr\" data-placeholder=\"Vertimas\" aria-label=\"I\u0161verstas tekstas\" data-ved=\"2ahUKEwj4srr_jpeIAxVEgP0HHUDyAtwQ3ewLegQIBxAU\"><span class=\"Y2IQFc\" lang=\"lt\"><span style=\"vertical-align: inherit;\"><span style=\"vertical-align: inherit;\"><span style=\"vertical-align: inherit;\"><span style=\"vertical-align: inherit;\">\u017dymeklis turi reguliuojam\u0105 sm\u016bgio j\u0117g\u0105, naudojam\u0105 tam, kad optimaliai atitikt\u0173 \u017eymi\u0173 med\u017eiag\u0173 kietum\u0105.<\/span><\/span><\/span><\/span><\/span><\/li>\n<li class=\"tw-data-text tw-text-large tw-ta\" dir=\"ltr\" data-placeholder=\"Vertimas\" aria-label=\"I\u0161verstas tekstas\" data-ved=\"2ahUKEwj4srr_jpeIAxVEgP0HHUDyAtwQ3ewLegQIBxAU\"><span class=\"Y2IQFc\" lang=\"lt\"><span style=\"vertical-align: inherit;\"><span style=\"vertical-align: inherit;\"><span style=\"vertical-align: inherit;\"><span style=\"vertical-align: inherit;\">Tiksliems veiksmingiems \u017eym\u0117jimo ta\u0161kams ant kiet\u0173 pavir\u0161i\u0173, pvz. prie\u0161 gr\u0119\u017eiant.<\/span><\/span><\/span><\/span><\/span><\/li>\n<li class=\"tw-data-text tw-text-large tw-ta\" dir=\"ltr\" data-placeholder=\"Vertimas\" aria-label=\"I\u0161verstas tekstas\" data-ved=\"2ahUKEwj4srr_jpeIAxVEgP0HHUDyAtwQ3ewLegQIBxAU\"><span class=\"Y2IQFc\" lang=\"lt\"><span style=\"vertical-align: inherit;\"><span style=\"vertical-align: inherit;\"><span style=\"vertical-align: inherit;\"><span style=\"vertical-align: inherit;\">I\u0161 karto po adatos prispaudimo prie med\u017eiag\u0173 ir sm\u016bgio, operacij\u0105 galime pakartotinai pasirink\u0119 kit\u0105 ta\u0161k\u0105. naudojimas<\/span><\/span><\/span><\/span><\/span><\/li>\n<li class=\"tw-data-text tw-text-large tw-ta\" dir=\"ltr\" data-placeholder=\"Vertimas\" aria-label=\"I\u0161verstas tekstas\" data-ved=\"2ahUKEwj4srr_jpeIAxVEgP0HHUDyAtwQ3ewLegQIBxAU\"><span class=\"Y2IQFc\" lang=\"lt\"><span style=\"vertical-align: inherit;\"><span style=\"vertical-align: inherit;\"><span style=\"vertical-align: inherit;\"><span style=\"vertical-align: inherit;\">A\u0161triu sm\u016bgio galu prispauskite prie pavir\u0161iaus ir tvirtai pritvirtinti. Tai paveiks adat\u0105 ir visam laikui pa\u017eymi ta\u0161k\u0105<\/span><\/span><\/span><\/span><\/span><\/li>\n<\/ul>\n","protected":false},"excerpt":{"rendered":"<p><span style=\"vertical-align: inherit;\"><span style=\"vertical-align: inherit;\"><span style=\"vertical-align: inherit;\"><span style=\"vertical-align: inherit;\">Automatinis centro \u017eymeklis 140mm<\/span><\/span><\/span><\/span><\/p>\n","protected":false},"featured_media":14443,"comment_status":"open","ping_status":"closed","template":"","meta":[],"product_brand":[],"product_cat":[61],"product_tag":[165],"class_list":{"0":"post-14442","1":"product","2":"type-product","3":"status-publish","4":"has-post-thumbnail","6":"product_cat-ismusimo-iskalimo-irankiai-kaltai-ismusikliai-zymekliai-centro-zymekliai-skyliu-ismusejai","7":"product_tag-yato","9":"first","10":"instock","11":"taxable","12":"shipping-taxable","13":"purchasable","14":"product-type-simple"},"_links":{"self":[{"href":"https:\/\/raktava.lt\/en\/wp-json\/wp\/v2\/product\/14442","targetHints":{"allow":["GET"]}}],"collection":[{"href":"https:\/\/raktava.lt\/en\/wp-json\/wp\/v2\/product"}],"about":[{"href":"https:\/\/raktava.lt\/en\/wp-json\/wp\/v2\/types\/product"}],"replies":[{"embeddable":true,"href":"https:\/\/raktava.lt\/en\/wp-json\/wp\/v2\/comments?post=14442"}],"version-history":[{"count":4,"href":"https:\/\/raktava.lt\/en\/wp-json\/wp\/v2\/product\/14442\/revisions"}],"predecessor-version":[{"id":14450,"href":"https:\/\/raktava.lt\/en\/wp-json\/wp\/v2\/product\/14442\/revisions\/14450"}],"wp:featuredmedia":[{"embeddable":true,"href":"https:\/\/raktava.lt\/en\/wp-json\/wp\/v2\/media\/14443"}],"wp:attachment":[{"href":"https:\/\/raktava.lt\/en\/wp-json\/wp\/v2\/media?parent=14442"}],"wp:term":[{"taxonomy":"product_brand","embeddable":true,"href":"https:\/\/raktava.lt\/en\/wp-json\/wp\/v2\/product_brand?post=14442"},{"taxonomy":"product_cat","embeddable":true,"href":"https:\/\/raktava.lt\/en\/wp-json\/wp\/v2\/product_cat?post=14442"},{"taxonomy":"product_tag","embeddable":true,"href":"https:\/\/raktava.lt\/en\/wp-json\/wp\/v2\/product_tag?post=14442"}],"curies":[{"name":"wp","href":"https:\/\/api.w.org\/{rel}","templated":true}]}}