{"id":14339,"date":"2024-08-27T11:38:38","date_gmt":"2024-08-27T08:38:38","guid":{"rendered":"https:\/\/raktava.lt\/?post_type=product&#038;p=14339"},"modified":"2025-04-17T09:19:13","modified_gmt":"2025-04-17T06:19:13","slug":"verzliaraktis-su-terksle-21mm","status":"publish","type":"product","link":"https:\/\/raktava.lt\/en\/product\/rankiniai-irankiai\/verzliarakciai-verzliarakciu-komplektai\/terksliniai-raktai-ju-komplektai\/verzliaraktis-su-terksle-21mm\/","title":{"rendered":"Ver\u017eliaraktis su terk\u0161le 21mm"},"content":{"rendered":"","protected":false},"excerpt":{"rendered":"<p>Ver\u017eliaraktis su terk\u0161le 21mm<\/p>\n","protected":false},"featured_media":14340,"comment_status":"open","ping_status":"closed","template":"","meta":[],"product_brand":[627],"product_cat":[116],"product_tag":[649,747],"class_list":{"0":"post-14339","1":"product","2":"type-product","3":"status-publish","4":"has-post-thumbnail","6":"product_brand-sata","7":"product_cat-terksliniai-raktai-ju-komplektai","8":"product_tag-verzliaraktis","9":"product_tag-verzliaraktis-terkslinis","11":"first","12":"instock","13":"taxable","14":"shipping-taxable","15":"purchasable","16":"product-type-simple"},"_links":{"self":[{"href":"https:\/\/raktava.lt\/en\/wp-json\/wp\/v2\/product\/14339","targetHints":{"allow":["GET"]}}],"collection":[{"href":"https:\/\/raktava.lt\/en\/wp-json\/wp\/v2\/product"}],"about":[{"href":"https:\/\/raktava.lt\/en\/wp-json\/wp\/v2\/types\/product"}],"replies":[{"embeddable":true,"href":"https:\/\/raktava.lt\/en\/wp-json\/wp\/v2\/comments?post=14339"}],"version-history":[{"count":1,"href":"https:\/\/raktava.lt\/en\/wp-json\/wp\/v2\/product\/14339\/revisions"}],"predecessor-version":[{"id":14350,"href":"https:\/\/raktava.lt\/en\/wp-json\/wp\/v2\/product\/14339\/revisions\/14350"}],"wp:featuredmedia":[{"embeddable":true,"href":"https:\/\/raktava.lt\/en\/wp-json\/wp\/v2\/media\/14340"}],"wp:attachment":[{"href":"https:\/\/raktava.lt\/en\/wp-json\/wp\/v2\/media?parent=14339"}],"wp:term":[{"taxonomy":"product_brand","embeddable":true,"href":"https:\/\/raktava.lt\/en\/wp-json\/wp\/v2\/product_brand?post=14339"},{"taxonomy":"product_cat","embeddable":true,"href":"https:\/\/raktava.lt\/en\/wp-json\/wp\/v2\/product_cat?post=14339"},{"taxonomy":"product_tag","embeddable":true,"href":"https:\/\/raktava.lt\/en\/wp-json\/wp\/v2\/product_tag?post=14339"}],"curies":[{"name":"wp","href":"https:\/\/api.w.org\/{rel}","templated":true}]}}