{"id":14325,"date":"2024-08-26T16:17:30","date_gmt":"2024-08-26T13:17:30","guid":{"rendered":"https:\/\/raktava.lt\/?post_type=product&#038;p=14325"},"modified":"2024-10-21T10:02:10","modified_gmt":"2024-10-21T07:02:10","slug":"smagracio-blokavimo-itaisas-citroen-fiat-peugeot","status":"publish","type":"product","link":"https:\/\/raktava.lt\/en\/product\/automobiliu-remonto-irankiai\/variklio-remonto-irankiai\/variklio-blokavimo-irankiai\/smagracio-blokavimo-itaisas-citroen-fiat-peugeot\/","title":{"rendered":"Smagra\u010dio blokavimo \u012ftaisas Citro\u00ebn, Fiat, Peugeot"},"content":{"rendered":"<p>Description<br \/>\nfor Citroen, Fiat, Peugeot<br \/>\nalso suitable for identical engines in BMW, Renault, Mercedes-Benz<br \/>\nscope of delivery:<\/p>\n<p>flywheel locking tool, to be used as OEM BMW 119260, Renault MOT 582-01, PSA 0153A, 6012T, 9765.54, Fiat 1860161000, 1867030000, Mercedes-Benz 607589014000<br \/>\nTechnical data<br \/>\nGross weight 66 g<br \/>\nPackaging suitable for wall hanging Yes<br \/>\nTo be used as OEM1 11 9 260 BMW<br \/>\nTo be used as OEM2 MOT582-01 Renault<br \/>\nTo be used as OEM3 0153A | 6012T | 9765.54 Citro\u00ebn<br \/>\nTo be used as OEM4 0153A | 6012T | 9765.54 Peugeot<br \/>\nTo be used as OEM5 1860161000 | 1867030000 Fiat<br \/>\nTo be used as OEM6 607 589 01 40 00 Mercedes-Benz<\/p>\n","protected":false},"excerpt":{"rendered":"<p>Smagra\u010dio blokavimo \u012ftaisas Citro\u00ebn, Fiat, Peugeot<\/p>\n","protected":false},"featured_media":14326,"comment_status":"open","ping_status":"closed","template":"","meta":[],"product_brand":[],"product_cat":[95],"product_tag":[529],"class_list":{"0":"post-14325","1":"product","2":"type-product","3":"status-publish","4":"has-post-thumbnail","6":"product_cat-variklio-blokavimo-irankiai","7":"product_tag-bgs-technic-vokietija","9":"first","10":"instock","11":"taxable","12":"shipping-taxable","13":"purchasable","14":"product-type-simple"},"_links":{"self":[{"href":"https:\/\/raktava.lt\/en\/wp-json\/wp\/v2\/product\/14325","targetHints":{"allow":["GET"]}}],"collection":[{"href":"https:\/\/raktava.lt\/en\/wp-json\/wp\/v2\/product"}],"about":[{"href":"https:\/\/raktava.lt\/en\/wp-json\/wp\/v2\/types\/product"}],"replies":[{"embeddable":true,"href":"https:\/\/raktava.lt\/en\/wp-json\/wp\/v2\/comments?post=14325"}],"version-history":[{"count":1,"href":"https:\/\/raktava.lt\/en\/wp-json\/wp\/v2\/product\/14325\/revisions"}],"predecessor-version":[{"id":14336,"href":"https:\/\/raktava.lt\/en\/wp-json\/wp\/v2\/product\/14325\/revisions\/14336"}],"wp:featuredmedia":[{"embeddable":true,"href":"https:\/\/raktava.lt\/en\/wp-json\/wp\/v2\/media\/14326"}],"wp:attachment":[{"href":"https:\/\/raktava.lt\/en\/wp-json\/wp\/v2\/media?parent=14325"}],"wp:term":[{"taxonomy":"product_brand","embeddable":true,"href":"https:\/\/raktava.lt\/en\/wp-json\/wp\/v2\/product_brand?post=14325"},{"taxonomy":"product_cat","embeddable":true,"href":"https:\/\/raktava.lt\/en\/wp-json\/wp\/v2\/product_cat?post=14325"},{"taxonomy":"product_tag","embeddable":true,"href":"https:\/\/raktava.lt\/en\/wp-json\/wp\/v2\/product_tag?post=14325"}],"curies":[{"name":"wp","href":"https:\/\/api.w.org\/{rel}","templated":true}]}}