{"id":14299,"date":"2024-08-23T13:08:49","date_gmt":"2024-08-23T10:08:49","guid":{"rendered":"https:\/\/raktava.lt\/?post_type=product&#038;p=14299"},"modified":"2024-08-23T13:13:25","modified_gmt":"2024-08-23T10:13:25","slug":"purkstuku-iskalimo-ausele-kablys-13mm","status":"publish","type":"product","link":"https:\/\/raktava.lt\/en\/product\/automobiliu-remonto-irankiai\/variklio-remonto-irankiai\/irankiai-purkstukams\/purkstuku-iskalimo-ausele-kablys-13mm\/","title":{"rendered":"Purk\u0161tuk\u0173 i\u0161kalimo ausel\u0117 \/ kablys 13mm"},"content":{"rendered":"","protected":false},"excerpt":{"rendered":"<p>Purk\u0161tuk\u0173 i\u0161kalimo ausel\u0117 \/ kablys 13mm<\/p>\n","protected":false},"featured_media":14302,"comment_status":"open","ping_status":"closed","template":"","meta":[],"product_brand":[],"product_cat":[89],"product_tag":[529],"class_list":{"0":"post-14299","1":"product","2":"type-product","3":"status-publish","4":"has-post-thumbnail","6":"product_cat-irankiai-purkstukams","7":"product_tag-bgs-technic-vokietija","9":"first","10":"instock","11":"taxable","12":"shipping-taxable","13":"purchasable","14":"product-type-simple"},"_links":{"self":[{"href":"https:\/\/raktava.lt\/en\/wp-json\/wp\/v2\/product\/14299","targetHints":{"allow":["GET"]}}],"collection":[{"href":"https:\/\/raktava.lt\/en\/wp-json\/wp\/v2\/product"}],"about":[{"href":"https:\/\/raktava.lt\/en\/wp-json\/wp\/v2\/types\/product"}],"replies":[{"embeddable":true,"href":"https:\/\/raktava.lt\/en\/wp-json\/wp\/v2\/comments?post=14299"}],"version-history":[{"count":1,"href":"https:\/\/raktava.lt\/en\/wp-json\/wp\/v2\/product\/14299\/revisions"}],"predecessor-version":[{"id":14312,"href":"https:\/\/raktava.lt\/en\/wp-json\/wp\/v2\/product\/14299\/revisions\/14312"}],"wp:featuredmedia":[{"embeddable":true,"href":"https:\/\/raktava.lt\/en\/wp-json\/wp\/v2\/media\/14302"}],"wp:attachment":[{"href":"https:\/\/raktava.lt\/en\/wp-json\/wp\/v2\/media?parent=14299"}],"wp:term":[{"taxonomy":"product_brand","embeddable":true,"href":"https:\/\/raktava.lt\/en\/wp-json\/wp\/v2\/product_brand?post=14299"},{"taxonomy":"product_cat","embeddable":true,"href":"https:\/\/raktava.lt\/en\/wp-json\/wp\/v2\/product_cat?post=14299"},{"taxonomy":"product_tag","embeddable":true,"href":"https:\/\/raktava.lt\/en\/wp-json\/wp\/v2\/product_tag?post=14299"}],"curies":[{"name":"wp","href":"https:\/\/api.w.org\/{rel}","templated":true}]}}