{"id":14293,"date":"2024-08-23T12:04:38","date_gmt":"2024-08-23T09:04:38","guid":{"rendered":"https:\/\/raktava.lt\/?post_type=product&#038;p=14293"},"modified":"2025-12-05T10:47:38","modified_gmt":"2025-12-05T08:47:38","slug":"galvute-smugine-vidine-%c2%bd-t52-2","status":"publish","type":"product","link":"https:\/\/raktava.lt\/en\/product\/rankiniai-irankiai\/antgaliai-antgaliu-komplektai-ipresuoti-antgaliai\/1-2-smuginiai-antgaliai-ir-rinkiniai\/galvute-smugine-vidine-%c2%bd-t52-2\/","title":{"rendered":"Galvut\u0117 sm\u016bgin\u0117 vidin\u0117 \u00bd T50"},"content":{"rendered":"","protected":false},"excerpt":{"rendered":"<p>Galvut\u0117 sm\u016bgin\u0117 vidin\u0117 \u00bd T52<\/p>\n","protected":false},"featured_media":14294,"comment_status":"open","ping_status":"closed","template":"","meta":[],"product_brand":[571],"product_cat":[56],"product_tag":[591,1854,660,1853,1648],"class_list":{"0":"post-14293","1":"product","2":"type-product","3":"status-publish","4":"has-post-thumbnail","6":"product_brand-bgs-technic-germany","7":"product_cat-1-2-smuginiai-antgaliai-ir-rinkiniai","8":"product_tag-1-2","9":"product_tag-5480-t50","10":"product_tag-galvute","11":"product_tag-galvute-smugine-vidine","12":"product_tag-t50","14":"first","15":"instock","16":"taxable","17":"shipping-taxable","18":"purchasable","19":"product-type-simple"},"_links":{"self":[{"href":"https:\/\/raktava.lt\/en\/wp-json\/wp\/v2\/product\/14293","targetHints":{"allow":["GET"]}}],"collection":[{"href":"https:\/\/raktava.lt\/en\/wp-json\/wp\/v2\/product"}],"about":[{"href":"https:\/\/raktava.lt\/en\/wp-json\/wp\/v2\/types\/product"}],"replies":[{"embeddable":true,"href":"https:\/\/raktava.lt\/en\/wp-json\/wp\/v2\/comments?post=14293"}],"version-history":[{"count":2,"href":"https:\/\/raktava.lt\/en\/wp-json\/wp\/v2\/product\/14293\/revisions"}],"predecessor-version":[{"id":18504,"href":"https:\/\/raktava.lt\/en\/wp-json\/wp\/v2\/product\/14293\/revisions\/18504"}],"wp:featuredmedia":[{"embeddable":true,"href":"https:\/\/raktava.lt\/en\/wp-json\/wp\/v2\/media\/14294"}],"wp:attachment":[{"href":"https:\/\/raktava.lt\/en\/wp-json\/wp\/v2\/media?parent=14293"}],"wp:term":[{"taxonomy":"product_brand","embeddable":true,"href":"https:\/\/raktava.lt\/en\/wp-json\/wp\/v2\/product_brand?post=14293"},{"taxonomy":"product_cat","embeddable":true,"href":"https:\/\/raktava.lt\/en\/wp-json\/wp\/v2\/product_cat?post=14293"},{"taxonomy":"product_tag","embeddable":true,"href":"https:\/\/raktava.lt\/en\/wp-json\/wp\/v2\/product_tag?post=14293"}],"curies":[{"name":"wp","href":"https:\/\/api.w.org\/{rel}","templated":true}]}}