{"id":14247,"date":"2024-08-23T10:24:55","date_gmt":"2024-08-23T07:24:55","guid":{"rendered":"https:\/\/raktava.lt\/?post_type=product&#038;p=14247"},"modified":"2025-02-05T15:30:56","modified_gmt":"2025-02-05T13:30:56","slug":"sailenbloku-presavimo-komplektas","status":"publish","type":"product","link":"https:\/\/raktava.lt\/en\/product\/automobiliu-remonto-irankiai\/vaziuokles-remonto-irankiai\/guoliu-sailentbloku-presavimo-irankiai\/sailenbloku-presavimo-komplektas\/","title":{"rendered":"Sailenblok\u0173 presavimo komplektas"},"content":{"rendered":"<ul>\n<li id=\"tw-target-text\" class=\"tw-data-text tw-text-large tw-ta\" dir=\"ltr\" data-placeholder=\"Vertimas\" aria-label=\"I\u0161verstas tekstas\" data-ved=\"2ahUKEwjo7aS_yYqIAxVKhP0HHWieI1wQ3ewLegQIBxAU\"><span class=\"Y2IQFc\" lang=\"lt\">Visos guoli\u0173 \u012franki\u0173 rinkinio dalys yra kaltos ir termi\u0161kai apdorotos, kad b\u016bt\u0173 stiprus ir ilgas patvarumas. <\/span><\/li>\n<li class=\"tw-data-text tw-text-large tw-ta\" dir=\"ltr\" data-placeholder=\"Vertimas\" aria-label=\"I\u0161verstas tekstas\" data-ved=\"2ahUKEwjo7aS_yYqIAxVKhP0HHWieI1wQ3ewLegQIBxAU\"><span class=\"Y2IQFc\" lang=\"lt\">\u00a0Visi \u012frankiai tvarkingai pateikti savo tvirtame d\u0117kle, kad b\u016bt\u0173 lengva transportuoti ir laikyti.\u00a0<\/span><\/li>\n<li class=\"tw-data-text tw-text-large tw-ta\" dir=\"ltr\" data-placeholder=\"Vertimas\" aria-label=\"I\u0161verstas tekstas\" data-ved=\"2ahUKEwjo7aS_yYqIAxVKhP0HHWieI1wQ3ewLegQIBxAU\"><span class=\"Y2IQFc\" lang=\"lt\"> Naudodami \u0161\u012f precizin\u012f \u012frank\u012f galite lengvai i\u0161traukti ir \u012ftraukti guolius, \u012fvores, sandariklius<\/span><\/li>\n<\/ul>\n<table>\n<tbody>\n<tr>\n<td width=\"642\"><em>Preki\u0173 nuotraukos skirtos tik iliustraciniams tikslams ir yra pavyzdin\u0117s. Prek\u0117s apra\u0161yme esan\u010dios video nuorodos yra tik informacinio pob\u016bd\u017eio, tod\u0117l jose pateikiama informacija gali skirtis nuo pa\u010dios prek\u0117s.<\/em><\/td>\n<\/tr>\n<\/tbody>\n<\/table>\n","protected":false},"excerpt":{"rendered":"<p>Sailenblok\u0173 presavimo komplektas, 22 indeliai \/ 5 ver\u017etai<\/p>\n<ul>\n<li>Indeli\u0173 vidinis <span class=\"Y2IQFc\" lang=\"lt\">skersmuo: 34, 36, 38, 40, 42, 44, 46, 48, 50, 52, 54, 56, 58, 60, 62, 64, 66, 68, 70, 72, 75, 80 mm<\/span><\/li>\n<li>Indeli\u0173 i\u0161orinis skersmuo: 44, 46, 48, 50, 52, 54, 56, 58, 60, 62, 64, 66, 68, 70, 72, 74, 76, 78, 80, 82, 85, 90 mm<\/li>\n<li>Var\u017etai: M10, M12, M14, M16, M18<\/li>\n<\/ul>\n","protected":false},"featured_media":14248,"comment_status":"open","ping_status":"closed","template":"","meta":[],"product_brand":[],"product_cat":[103],"product_tag":[216],"class_list":{"0":"post-14247","1":"product","2":"type-product","3":"status-publish","4":"has-post-thumbnail","6":"product_cat-guoliu-sailentbloku-presavimo-irankiai","7":"product_tag-essen-toolsgermany","9":"first","10":"outofstock","11":"taxable","12":"shipping-taxable","13":"purchasable","14":"product-type-simple"},"_links":{"self":[{"href":"https:\/\/raktava.lt\/en\/wp-json\/wp\/v2\/product\/14247","targetHints":{"allow":["GET"]}}],"collection":[{"href":"https:\/\/raktava.lt\/en\/wp-json\/wp\/v2\/product"}],"about":[{"href":"https:\/\/raktava.lt\/en\/wp-json\/wp\/v2\/types\/product"}],"replies":[{"embeddable":true,"href":"https:\/\/raktava.lt\/en\/wp-json\/wp\/v2\/comments?post=14247"}],"version-history":[{"count":1,"href":"https:\/\/raktava.lt\/en\/wp-json\/wp\/v2\/product\/14247\/revisions"}],"predecessor-version":[{"id":14268,"href":"https:\/\/raktava.lt\/en\/wp-json\/wp\/v2\/product\/14247\/revisions\/14268"}],"wp:featuredmedia":[{"embeddable":true,"href":"https:\/\/raktava.lt\/en\/wp-json\/wp\/v2\/media\/14248"}],"wp:attachment":[{"href":"https:\/\/raktava.lt\/en\/wp-json\/wp\/v2\/media?parent=14247"}],"wp:term":[{"taxonomy":"product_brand","embeddable":true,"href":"https:\/\/raktava.lt\/en\/wp-json\/wp\/v2\/product_brand?post=14247"},{"taxonomy":"product_cat","embeddable":true,"href":"https:\/\/raktava.lt\/en\/wp-json\/wp\/v2\/product_cat?post=14247"},{"taxonomy":"product_tag","embeddable":true,"href":"https:\/\/raktava.lt\/en\/wp-json\/wp\/v2\/product_tag?post=14247"}],"curies":[{"name":"wp","href":"https:\/\/api.w.org\/{rel}","templated":true}]}}