{"id":14214,"date":"2024-08-19T16:18:49","date_gmt":"2024-08-19T13:18:49","guid":{"rendered":"https:\/\/raktava.lt\/?post_type=product&#038;p=14214"},"modified":"2025-07-28T15:57:07","modified_gmt":"2025-07-28T12:57:07","slug":"pneumatinis-plaktukas-su-190mm-kaltu-rinkiniu","status":"publish","type":"product","link":"https:\/\/raktava.lt\/en\/product\/pneumatine-iranga\/pneumatiniai-kaltai-plaktukai\/pneumatinis-plaktukas-su-190mm-kaltu-rinkiniu\/","title":{"rendered":"Pneumatinis plaktukas su 190mm kalt\u0173 rinkiniu"},"content":{"rendered":"<pre id=\"tw-target-text\" class=\"tw-data-text tw-text-large tw-ta\" dir=\"ltr\" data-placeholder=\"Vertimas\" aria-label=\"I\u0161verstas tekstas\" data-ved=\"2ahUKEwjuxrDw_YCIAxUzSfEDHY-wORgQ3ewLegQIBxAU\"><span class=\"Y2IQFc\" lang=\"lt\">Ergonomi\u0161ko dizaino kompozicinis korpusas u\u017etikrina komfort\u0105 ir ma\u017eiau nuovargio\r\n* Legiruotojo plieno statin\u0117 ir termi\u0161kai apdorotas st\u016bmoklis prailgina \u012frankio tarnavimo laik\u0105\r\n* Integruotas galios reguliatorius ir paleidimo valdymas\r\n* Yra 5 kaltai (ta\u0161kinio suvirinimo pjaustytuvas, lak\u0161tinio metalo \u017eirkl\u0117s, k\u016bginis perforatorius, trumpasis \u012frankis ir plok\u0161\u010di\u0173 pjaustytuvas)\r\n* Puikiai tinka bendram pjovimui, karpymui ir grandymui<\/span><\/pre>\n","protected":false},"excerpt":{"rendered":"<p>Pneumatinis plaktukas su 190mm kalt\u0173 rinkiniu<\/p>\n<ul>\n<li id=\"tw-target-text\" class=\"tw-data-text tw-text-large tw-ta\" dir=\"ltr\" data-placeholder=\"Vertimas\" aria-label=\"I\u0161verstas tekstas\" data-ved=\"2ahUKEwjuxrDw_YCIAxUzSfEDHY-wORgQ3ewLegQIBxAU\"><span class=\"Y2IQFc\" lang=\"lt\">Laisvas greitis: 3000 BPM<\/span><\/li>\n<li class=\"tw-data-text tw-text-large tw-ta\" dir=\"ltr\" data-placeholder=\"Vertimas\" aria-label=\"I\u0161verstas tekstas\" data-ved=\"2ahUKEwjuxrDw_YCIAxUzSfEDHY-wORgQ3ewLegQIBxAU\"><span class=\"Y2IQFc\" lang=\"lt\">Kalto kotas: 0,401 colio. <\/span><\/li>\n<li class=\"tw-data-text tw-text-large tw-ta\" dir=\"ltr\" data-placeholder=\"Vertimas\" aria-label=\"I\u0161verstas tekstas\" data-ved=\"2ahUKEwjuxrDw_YCIAxUzSfEDHY-wORgQ3ewLegQIBxAU\"><span class=\"Y2IQFc\" lang=\"lt\">Skyl\u0117s skersmuo: 3\/4 colio. <\/span><\/li>\n<li class=\"tw-data-text tw-text-large tw-ta\" dir=\"ltr\" data-placeholder=\"Vertimas\" aria-label=\"I\u0161verstas tekstas\" data-ved=\"2ahUKEwjuxrDw_YCIAxUzSfEDHY-wORgQ3ewLegQIBxAU\"><span class=\"Y2IQFc\" lang=\"lt\">Darbinis sl\u0117gis: 90 PSI <\/span><\/li>\n<li class=\"tw-data-text tw-text-large tw-ta\" dir=\"ltr\" data-placeholder=\"Vertimas\" aria-label=\"I\u0161verstas tekstas\" data-ved=\"2ahUKEwjuxrDw_YCIAxUzSfEDHY-wORgQ3ewLegQIBxAU\"><span class=\"Y2IQFc\" lang=\"lt\">Oro s\u0105naudos: 5,5 CFM <\/span><\/li>\n<li class=\"tw-data-text tw-text-large tw-ta\" dir=\"ltr\" data-placeholder=\"Vertimas\" aria-label=\"I\u0161verstas tekstas\" data-ved=\"2ahUKEwjuxrDw_YCIAxUzSfEDHY-wORgQ3ewLegQIBxAU\"><span class=\"Y2IQFc\" lang=\"lt\">Oro \u012fleidimo anga: 1\/4&#8243; <\/span><\/li>\n<li class=\"tw-data-text tw-text-large tw-ta\" dir=\"ltr\" data-placeholder=\"Vertimas\" aria-label=\"I\u0161verstas tekstas\" data-ved=\"2ahUKEwjuxrDw_YCIAxUzSfEDHY-wORgQ3ewLegQIBxAU\"><span class=\"Y2IQFc\" lang=\"lt\">Oro \u017earna: 3\/8&#8243;<\/span><\/li>\n<\/ul>\n","protected":false},"featured_media":14215,"comment_status":"open","ping_status":"closed","template":"","meta":[],"product_brand":[560],"product_cat":[212],"product_tag":[805],"class_list":{"0":"post-14214","1":"product","2":"type-product","3":"status-publish","4":"has-post-thumbnail","6":"product_brand-essen-tools-germany","7":"product_cat-pneumatiniai-kaltai-plaktukai","8":"product_tag-pneumatinis-plaktukas","10":"first","11":"outofstock","12":"taxable","13":"shipping-taxable","14":"purchasable","15":"product-type-simple"},"_links":{"self":[{"href":"https:\/\/raktava.lt\/en\/wp-json\/wp\/v2\/product\/14214","targetHints":{"allow":["GET"]}}],"collection":[{"href":"https:\/\/raktava.lt\/en\/wp-json\/wp\/v2\/product"}],"about":[{"href":"https:\/\/raktava.lt\/en\/wp-json\/wp\/v2\/types\/product"}],"replies":[{"embeddable":true,"href":"https:\/\/raktava.lt\/en\/wp-json\/wp\/v2\/comments?post=14214"}],"version-history":[{"count":2,"href":"https:\/\/raktava.lt\/en\/wp-json\/wp\/v2\/product\/14214\/revisions"}],"predecessor-version":[{"id":14226,"href":"https:\/\/raktava.lt\/en\/wp-json\/wp\/v2\/product\/14214\/revisions\/14226"}],"wp:featuredmedia":[{"embeddable":true,"href":"https:\/\/raktava.lt\/en\/wp-json\/wp\/v2\/media\/14215"}],"wp:attachment":[{"href":"https:\/\/raktava.lt\/en\/wp-json\/wp\/v2\/media?parent=14214"}],"wp:term":[{"taxonomy":"product_brand","embeddable":true,"href":"https:\/\/raktava.lt\/en\/wp-json\/wp\/v2\/product_brand?post=14214"},{"taxonomy":"product_cat","embeddable":true,"href":"https:\/\/raktava.lt\/en\/wp-json\/wp\/v2\/product_cat?post=14214"},{"taxonomy":"product_tag","embeddable":true,"href":"https:\/\/raktava.lt\/en\/wp-json\/wp\/v2\/product_tag?post=14214"}],"curies":[{"name":"wp","href":"https:\/\/api.w.org\/{rel}","templated":true}]}}