{"id":14198,"date":"2024-08-19T16:04:28","date_gmt":"2024-08-19T13:04:28","guid":{"rendered":"https:\/\/raktava.lt\/?post_type=product&#038;p=14198"},"modified":"2025-12-02T10:45:06","modified_gmt":"2025-12-02T08:45:06","slug":"adatu-galvute","status":"publish","type":"product","link":"https:\/\/raktava.lt\/en\/product\/pneumatine-iranga\/pneumatiniai-kaltai-plaktukai\/adatu-galvute\/","title":{"rendered":"Adat\u0173 galvut\u0117"},"content":{"rendered":"","protected":false},"excerpt":{"rendered":"<p>Adat\u0173 galvut\u0117, apvalus cilindras, 19 adat\u0173<\/p>\n","protected":false},"featured_media":14199,"comment_status":"open","ping_status":"closed","template":"","meta":[],"product_brand":[563],"product_cat":[212],"product_tag":[816,984,990,973,1155],"class_list":{"0":"post-14198","1":"product","2":"type-product","3":"status-publish","4":"has-post-thumbnail","6":"product_brand-yato","7":"product_cat-pneumatiniai-kaltai-plaktukai","8":"product_tag-adatu-galvute","9":"product_tag-automobiliu-irankiai","10":"product_tag-pneumatiniai-priedai","11":"product_tag-rankiniai-irankiai","12":"product_tag-yt-09911","14":"first","15":"instock","16":"taxable","17":"shipping-taxable","18":"purchasable","19":"product-type-simple"},"_links":{"self":[{"href":"https:\/\/raktava.lt\/en\/wp-json\/wp\/v2\/product\/14198","targetHints":{"allow":["GET"]}}],"collection":[{"href":"https:\/\/raktava.lt\/en\/wp-json\/wp\/v2\/product"}],"about":[{"href":"https:\/\/raktava.lt\/en\/wp-json\/wp\/v2\/types\/product"}],"replies":[{"embeddable":true,"href":"https:\/\/raktava.lt\/en\/wp-json\/wp\/v2\/comments?post=14198"}],"version-history":[{"count":1,"href":"https:\/\/raktava.lt\/en\/wp-json\/wp\/v2\/product\/14198\/revisions"}],"predecessor-version":[{"id":14205,"href":"https:\/\/raktava.lt\/en\/wp-json\/wp\/v2\/product\/14198\/revisions\/14205"}],"wp:featuredmedia":[{"embeddable":true,"href":"https:\/\/raktava.lt\/en\/wp-json\/wp\/v2\/media\/14199"}],"wp:attachment":[{"href":"https:\/\/raktava.lt\/en\/wp-json\/wp\/v2\/media?parent=14198"}],"wp:term":[{"taxonomy":"product_brand","embeddable":true,"href":"https:\/\/raktava.lt\/en\/wp-json\/wp\/v2\/product_brand?post=14198"},{"taxonomy":"product_cat","embeddable":true,"href":"https:\/\/raktava.lt\/en\/wp-json\/wp\/v2\/product_cat?post=14198"},{"taxonomy":"product_tag","embeddable":true,"href":"https:\/\/raktava.lt\/en\/wp-json\/wp\/v2\/product_tag?post=14198"}],"curies":[{"name":"wp","href":"https:\/\/api.w.org\/{rel}","templated":true}]}}