{"id":14159,"date":"2024-08-19T14:56:53","date_gmt":"2024-08-19T11:56:53","guid":{"rendered":"https:\/\/raktava.lt\/?post_type=product&#038;p=14159"},"modified":"2025-04-09T13:11:18","modified_gmt":"2025-04-09T10:11:18","slug":"universalus-sarnyras-3-4-110mm","status":"publish","type":"product","link":"https:\/\/raktava.lt\/en\/product\/rankiniai-irankiai\/kardanines-jungtys-sarnyrai-galvutems\/universalus-sarnyras-3-4-110mm\/","title":{"rendered":"Universalus \u0161arnyras 3\/4 110mm"},"content":{"rendered":"<p>Atitinka DIN 3123 standart\u0105<br \/>\nPagaminta i\u0161 auk\u0161tos kokyb\u0117s chromuoto vanad\u017eio plieno<\/p>\n","protected":false},"excerpt":{"rendered":"<p>Universalus \u0161arnyras 3\/4 110mm<\/p>\n","protected":false},"featured_media":14160,"comment_status":"open","ping_status":"closed","template":"","meta":[],"product_brand":[626],"product_cat":[57],"product_tag":[731,730],"class_list":{"0":"post-14159","1":"product","2":"type-product","3":"status-publish","4":"has-post-thumbnail","6":"product_brand-changlu","7":"product_cat-kardanines-jungtys-sarnyrai-galvutems","8":"product_tag-kardanas","9":"product_tag-kulverstukas","11":"first","12":"instock","13":"taxable","14":"shipping-taxable","15":"purchasable","16":"product-type-simple"},"_links":{"self":[{"href":"https:\/\/raktava.lt\/en\/wp-json\/wp\/v2\/product\/14159","targetHints":{"allow":["GET"]}}],"collection":[{"href":"https:\/\/raktava.lt\/en\/wp-json\/wp\/v2\/product"}],"about":[{"href":"https:\/\/raktava.lt\/en\/wp-json\/wp\/v2\/types\/product"}],"replies":[{"embeddable":true,"href":"https:\/\/raktava.lt\/en\/wp-json\/wp\/v2\/comments?post=14159"}],"version-history":[{"count":2,"href":"https:\/\/raktava.lt\/en\/wp-json\/wp\/v2\/product\/14159\/revisions"}],"predecessor-version":[{"id":16957,"href":"https:\/\/raktava.lt\/en\/wp-json\/wp\/v2\/product\/14159\/revisions\/16957"}],"wp:featuredmedia":[{"embeddable":true,"href":"https:\/\/raktava.lt\/en\/wp-json\/wp\/v2\/media\/14160"}],"wp:attachment":[{"href":"https:\/\/raktava.lt\/en\/wp-json\/wp\/v2\/media?parent=14159"}],"wp:term":[{"taxonomy":"product_brand","embeddable":true,"href":"https:\/\/raktava.lt\/en\/wp-json\/wp\/v2\/product_brand?post=14159"},{"taxonomy":"product_cat","embeddable":true,"href":"https:\/\/raktava.lt\/en\/wp-json\/wp\/v2\/product_cat?post=14159"},{"taxonomy":"product_tag","embeddable":true,"href":"https:\/\/raktava.lt\/en\/wp-json\/wp\/v2\/product_tag?post=14159"}],"curies":[{"name":"wp","href":"https:\/\/api.w.org\/{rel}","templated":true}]}}