{"id":14137,"date":"2024-08-19T13:35:02","date_gmt":"2024-08-19T10:35:02","guid":{"rendered":"https:\/\/raktava.lt\/?post_type=product&#038;p=14137"},"modified":"2025-04-17T14:48:32","modified_gmt":"2025-04-17T11:48:32","slug":"soniniu-verzliarakciu-rinkinys-3-81-2-8-24mm-15vnt","status":"publish","type":"product","link":"https:\/\/raktava.lt\/en\/product\/rankiniai-irankiai\/verzliarakciai-verzliarakciu-komplektai\/kombinuoti-raktai-ir-ju-rinkiniai\/soniniu-verzliarakciu-rinkinys-3-81-2-8-24mm-15vnt\/","title":{"rendered":"\u0160onini\u0173 ver\u017eliarak\u010di\u0173 rinkinys 3\/8&#8243;+1\/2&#8243; 8-24mm (15vnt.)"},"content":{"rendered":"","protected":false},"excerpt":{"rendered":"<p><span style=\"vertical-align: inherit;\"><span style=\"vertical-align: inherit;\">\u0160onini\u0173 ver\u017eliarak\u010di\u0173 rinkinys 3\/8&#8243;+1\/2&#8243; 8-24mm<\/span><\/span><\/p>\n","protected":false},"featured_media":14138,"comment_status":"open","ping_status":"closed","template":"","meta":[],"product_brand":[602],"product_cat":[105],"product_tag":[649],"class_list":{"0":"post-14137","1":"product","2":"type-product","3":"status-publish","4":"has-post-thumbnail","6":"product_brand-ellien-tools","7":"product_cat-kombinuoti-raktai-ir-ju-rinkiniai","8":"product_tag-verzliaraktis","10":"first","11":"instock","12":"taxable","13":"shipping-taxable","14":"purchasable","15":"product-type-simple"},"_links":{"self":[{"href":"https:\/\/raktava.lt\/en\/wp-json\/wp\/v2\/product\/14137","targetHints":{"allow":["GET"]}}],"collection":[{"href":"https:\/\/raktava.lt\/en\/wp-json\/wp\/v2\/product"}],"about":[{"href":"https:\/\/raktava.lt\/en\/wp-json\/wp\/v2\/types\/product"}],"replies":[{"embeddable":true,"href":"https:\/\/raktava.lt\/en\/wp-json\/wp\/v2\/comments?post=14137"}],"version-history":[{"count":2,"href":"https:\/\/raktava.lt\/en\/wp-json\/wp\/v2\/product\/14137\/revisions"}],"predecessor-version":[{"id":14141,"href":"https:\/\/raktava.lt\/en\/wp-json\/wp\/v2\/product\/14137\/revisions\/14141"}],"wp:featuredmedia":[{"embeddable":true,"href":"https:\/\/raktava.lt\/en\/wp-json\/wp\/v2\/media\/14138"}],"wp:attachment":[{"href":"https:\/\/raktava.lt\/en\/wp-json\/wp\/v2\/media?parent=14137"}],"wp:term":[{"taxonomy":"product_brand","embeddable":true,"href":"https:\/\/raktava.lt\/en\/wp-json\/wp\/v2\/product_brand?post=14137"},{"taxonomy":"product_cat","embeddable":true,"href":"https:\/\/raktava.lt\/en\/wp-json\/wp\/v2\/product_cat?post=14137"},{"taxonomy":"product_tag","embeddable":true,"href":"https:\/\/raktava.lt\/en\/wp-json\/wp\/v2\/product_tag?post=14137"}],"curies":[{"name":"wp","href":"https:\/\/api.w.org\/{rel}","templated":true}]}}