{"id":14126,"date":"2024-08-19T11:54:11","date_gmt":"2024-08-19T08:54:11","guid":{"rendered":"https:\/\/raktava.lt\/?post_type=product&#038;p=14126"},"modified":"2025-02-25T15:22:29","modified_gmt":"2025-02-25T13:22:29","slug":"skysciu-uzpylimo-indas-su-dangteliu-ir-antgaliu-5l","status":"publish","type":"product","link":"https:\/\/raktava.lt\/en\/product\/automobiliu-remonto-irankiai\/alyvos-keitimas-tepimo-irankiai\/skysciu-uzpylimo-indas-su-dangteliu-ir-antgaliu-5l\/","title":{"rendered":"Skys\u010di\u0173 u\u017epylimo indas su dangteliu ir antgaliu 5L"},"content":{"rendered":"","protected":false},"excerpt":{"rendered":"<p>Skys\u010di\u0173 u\u017epylimo indas su dangteliu ir antgaliu 5L<\/p>\n","protected":false},"featured_media":14127,"comment_status":"open","ping_status":"closed","template":"","meta":[],"product_brand":[563],"product_cat":[44],"product_tag":[565,564],"class_list":{"0":"post-14126","1":"product","2":"type-product","3":"status-publish","4":"has-post-thumbnail","6":"product_brand-yato","7":"product_cat-alyvos-keitimas-tepimo-irankiai","8":"product_tag-skysciu-uzpylimo-indas","9":"product_tag-uzpylimo-indas","11":"first","12":"instock","13":"taxable","14":"shipping-taxable","15":"purchasable","16":"product-type-simple"},"_links":{"self":[{"href":"https:\/\/raktava.lt\/en\/wp-json\/wp\/v2\/product\/14126","targetHints":{"allow":["GET"]}}],"collection":[{"href":"https:\/\/raktava.lt\/en\/wp-json\/wp\/v2\/product"}],"about":[{"href":"https:\/\/raktava.lt\/en\/wp-json\/wp\/v2\/types\/product"}],"replies":[{"embeddable":true,"href":"https:\/\/raktava.lt\/en\/wp-json\/wp\/v2\/comments?post=14126"}],"version-history":[{"count":1,"href":"https:\/\/raktava.lt\/en\/wp-json\/wp\/v2\/product\/14126\/revisions"}],"predecessor-version":[{"id":14131,"href":"https:\/\/raktava.lt\/en\/wp-json\/wp\/v2\/product\/14126\/revisions\/14131"}],"wp:featuredmedia":[{"embeddable":true,"href":"https:\/\/raktava.lt\/en\/wp-json\/wp\/v2\/media\/14127"}],"wp:attachment":[{"href":"https:\/\/raktava.lt\/en\/wp-json\/wp\/v2\/media?parent=14126"}],"wp:term":[{"taxonomy":"product_brand","embeddable":true,"href":"https:\/\/raktava.lt\/en\/wp-json\/wp\/v2\/product_brand?post=14126"},{"taxonomy":"product_cat","embeddable":true,"href":"https:\/\/raktava.lt\/en\/wp-json\/wp\/v2\/product_cat?post=14126"},{"taxonomy":"product_tag","embeddable":true,"href":"https:\/\/raktava.lt\/en\/wp-json\/wp\/v2\/product_tag?post=14126"}],"curies":[{"name":"wp","href":"https:\/\/api.w.org\/{rel}","templated":true}]}}