{"id":14122,"date":"2024-08-19T11:46:46","date_gmt":"2024-08-19T08:46:46","guid":{"rendered":"https:\/\/raktava.lt\/?post_type=product&#038;p=14122"},"modified":"2025-02-25T15:20:18","modified_gmt":"2025-02-25T13:20:18","slug":"slankmatis-elektroninis-150mm","status":"publish","type":"product","link":"https:\/\/raktava.lt\/en\/product\/matavimo-priemones-slankmaciai-liniuotes\/slankmaciai\/slankmatis-elektroninis-150mm\/","title":{"rendered":"Slankmatis elektroninis 150mm"},"content":{"rendered":"","protected":false},"excerpt":{"rendered":"<p>Slankmatis elektroninis:<\/p>\n<ul>\n<li>Matavimo dydis 0 &#8211; 150 0mm \/ 0 &#8211; 6 inch<\/li>\n<li>Tikslumas +\/- 0.01 mm<\/li>\n<li>Fiksavimo var\u017etas<\/li>\n<li>Darbin\u0117 temperat\u016bra 0\u00b0 C +40\u00b0 C<\/li>\n<li>Med\u017eiaga &#8211; ner\u016bdijantis plienas. Inox<\/li>\n<li>Plastikin\u0117 d\u0117\u017eut\u0117<\/li>\n<\/ul>\n","protected":false},"featured_media":14123,"comment_status":"open","ping_status":"closed","template":"","meta":[],"product_brand":[],"product_cat":[257],"product_tag":[561],"class_list":{"0":"post-14122","1":"product","2":"type-product","3":"status-publish","4":"has-post-thumbnail","6":"product_cat-slankmaciai","7":"product_tag-slankmatis","9":"first","10":"instock","11":"taxable","12":"shipping-taxable","13":"purchasable","14":"product-type-simple"},"_links":{"self":[{"href":"https:\/\/raktava.lt\/en\/wp-json\/wp\/v2\/product\/14122","targetHints":{"allow":["GET"]}}],"collection":[{"href":"https:\/\/raktava.lt\/en\/wp-json\/wp\/v2\/product"}],"about":[{"href":"https:\/\/raktava.lt\/en\/wp-json\/wp\/v2\/types\/product"}],"replies":[{"embeddable":true,"href":"https:\/\/raktava.lt\/en\/wp-json\/wp\/v2\/comments?post=14122"}],"version-history":[{"count":1,"href":"https:\/\/raktava.lt\/en\/wp-json\/wp\/v2\/product\/14122\/revisions"}],"predecessor-version":[{"id":14125,"href":"https:\/\/raktava.lt\/en\/wp-json\/wp\/v2\/product\/14122\/revisions\/14125"}],"wp:featuredmedia":[{"embeddable":true,"href":"https:\/\/raktava.lt\/en\/wp-json\/wp\/v2\/media\/14123"}],"wp:attachment":[{"href":"https:\/\/raktava.lt\/en\/wp-json\/wp\/v2\/media?parent=14122"}],"wp:term":[{"taxonomy":"product_brand","embeddable":true,"href":"https:\/\/raktava.lt\/en\/wp-json\/wp\/v2\/product_brand?post=14122"},{"taxonomy":"product_cat","embeddable":true,"href":"https:\/\/raktava.lt\/en\/wp-json\/wp\/v2\/product_cat?post=14122"},{"taxonomy":"product_tag","embeddable":true,"href":"https:\/\/raktava.lt\/en\/wp-json\/wp\/v2\/product_tag?post=14122"}],"curies":[{"name":"wp","href":"https:\/\/api.w.org\/{rel}","templated":true}]}}