{"id":14103,"date":"2024-08-16T21:05:00","date_gmt":"2024-08-16T18:05:00","guid":{"rendered":"https:\/\/raktava.lt\/?post_type=product&#038;p=14103"},"modified":"2026-04-10T09:28:44","modified_gmt":"2026-04-10T06:28:44","slug":"svirtis-padangu-montavimui-500mm-2","status":"publish","type":"product","link":"https:\/\/raktava.lt\/en\/product\/automative-service-tools\/chassis-repair-tools\/levers\/svirtis-padangu-montavimui-500mm-2\/","title":{"rendered":"Svirtis padang\u0173 montavimui 500mm"},"content":{"rendered":"<ul>\n<li><span style=\"vertical-align: inherit;\"><span style=\"vertical-align: inherit;\"><span style=\"vertical-align: inherit;\"><span style=\"vertical-align: inherit;\">Padang\u0173 svirtys &#8211; tai tvirtas ir patikimas \u012frankis, skirtas automobili\u0173, motocikl\u0173 ir kit\u0173 transporto priemoni\u0173 padang\u0173 montavimui ir demontavimui.<\/span><\/span><\/span><\/span><\/li>\n<li><span style=\"vertical-align: inherit;\"><span style=\"vertical-align: inherit;\"><span style=\"vertical-align: inherit;\"><span style=\"vertical-align: inherit;\">500mm ilgio svirtis suteikia pakankamai svert\u0105, leid\u017eiant\u012f lengvai pa\u0161alinti ar u\u017ed\u0117ti padang\u0105, suma\u017einti pastang\u0105, reikia atlikti darb\u0105.<\/span><\/span><\/span><\/span><\/li>\n<li><span style=\"vertical-align: inherit;\"><span style=\"vertical-align: inherit;\"><span style=\"vertical-align: inherit;\"><span style=\"vertical-align: inherit;\">Ergonomi\u0161kas dizainas u\u017etikrina patog\u0173 ir saug\u0173 naudojim\u0105, o specialiai skirtos galai padeda i\u0161vengti padangos ir ratlankio pa\u017eeidimo.<\/span><\/span><\/span><\/span><\/li>\n<\/ul>\n<p><img decoding=\"async\" src=\"https:\/\/www.liudoirankiai.com\/images\/uploader\/ch\/108x108\/changlu-2-1.jpg\" alt=\"changlu-2-1\" \/><\/p>\n<hr \/>\n<p><em>Nurodytos kainos galioja perkant internetu.<\/em><\/p>\n","protected":false},"excerpt":{"rendered":"<p><span style=\"vertical-align: inherit;\"><span style=\"vertical-align: inherit;\"><span style=\"vertical-align: inherit;\"><span style=\"vertical-align: inherit;\">Svirtis padang\u0173 montavimui 500mm<\/span><\/span><\/span><\/span><\/p>\n","protected":false},"featured_media":14104,"comment_status":"open","ping_status":"closed","template":"","meta":[],"product_brand":[626],"product_cat":[247],"product_tag":[1656,2260,697,1655],"class_list":{"0":"post-14103","1":"product","2":"type-product","3":"status-publish","4":"has-post-thumbnail","6":"product_brand-changlu","7":"product_cat-montiruotes-svertai","8":"product_tag-500mm","9":"product_tag-cl304505","10":"product_tag-mantiruote","11":"product_tag-svirtis-padangu-montavimui","13":"first","14":"instock","15":"taxable","16":"shipping-taxable","17":"purchasable","18":"product-type-simple"},"_links":{"self":[{"href":"https:\/\/raktava.lt\/en\/wp-json\/wp\/v2\/product\/14103","targetHints":{"allow":["GET"]}}],"collection":[{"href":"https:\/\/raktava.lt\/en\/wp-json\/wp\/v2\/product"}],"about":[{"href":"https:\/\/raktava.lt\/en\/wp-json\/wp\/v2\/types\/product"}],"replies":[{"embeddable":true,"href":"https:\/\/raktava.lt\/en\/wp-json\/wp\/v2\/comments?post=14103"}],"version-history":[{"count":6,"href":"https:\/\/raktava.lt\/en\/wp-json\/wp\/v2\/product\/14103\/revisions"}],"predecessor-version":[{"id":19221,"href":"https:\/\/raktava.lt\/en\/wp-json\/wp\/v2\/product\/14103\/revisions\/19221"}],"wp:featuredmedia":[{"embeddable":true,"href":"https:\/\/raktava.lt\/en\/wp-json\/wp\/v2\/media\/14104"}],"wp:attachment":[{"href":"https:\/\/raktava.lt\/en\/wp-json\/wp\/v2\/media?parent=14103"}],"wp:term":[{"taxonomy":"product_brand","embeddable":true,"href":"https:\/\/raktava.lt\/en\/wp-json\/wp\/v2\/product_brand?post=14103"},{"taxonomy":"product_cat","embeddable":true,"href":"https:\/\/raktava.lt\/en\/wp-json\/wp\/v2\/product_cat?post=14103"},{"taxonomy":"product_tag","embeddable":true,"href":"https:\/\/raktava.lt\/en\/wp-json\/wp\/v2\/product_tag?post=14103"}],"curies":[{"name":"wp","href":"https:\/\/api.w.org\/{rel}","templated":true}]}}