{"id":14090,"date":"2024-08-16T20:53:22","date_gmt":"2024-08-16T17:53:22","guid":{"rendered":"https:\/\/raktava.lt\/?post_type=product&#038;p=14090"},"modified":"2026-04-10T09:58:49","modified_gmt":"2026-04-10T06:58:49","slug":"specialus-irankis-amortizatoriu-isemimui-statramscio-ispletimui","status":"publish","type":"product","link":"https:\/\/raktava.lt\/en\/product\/automobiliu-remonto-irankiai\/specializuotos-galvutes\/specialus-irankis-amortizatoriu-isemimui-statramscio-ispletimui\/","title":{"rendered":"Specialus \u012frankis amortizatori\u0173 i\u0161\u0117mimui\/statrams\u010dio i\u0161pl\u0117timui"},"content":{"rendered":"<p>I\u0161pl\u0117timo j\u0117ga: 60N<br \/>\nI\u0161sipl\u0117timo diapazonas: 5.0 &#8211; 10 mm,<br \/>\nGalvut\u0117s dydis 16 mm 6 kamp\u0173<br \/>\nAmortizatori\u0173 i\u0161\u0117mimo \/ statram\u0161\u010dio i\u0161pl\u0117timo \u012frankis gali greitai pad\u0117ti nuimti amortizatori\u0173\u012f i\u0161 rato guolio korpuso.<br \/>\n\u012erankis tinka daugumai automobili\u0173, turin\u010di\u0173 ver\u017eliarak\u010dio tipo stebul\u0119.<br \/>\nVW, Audi, Ford, BMW, Peugeot, Renault, Seat, Skoda, japoni\u0161komis transporto priemon\u0117mis.<\/p>\n<hr \/>\n<p><em>Nurodytos kainos galioja perkant internetu.<\/em><\/p>\n","protected":false},"excerpt":{"rendered":"<p>Specialus \u012frankis amortizatori\u0173 i\u0161\u0117mimui\/statrams\u010dio i\u0161pl\u0117timui<\/p>\n<p>&nbsp;<\/p>\n","protected":false},"featured_media":14091,"comment_status":"open","ping_status":"closed","template":"","meta":[],"product_brand":[],"product_cat":[74],"product_tag":[812,984,1101,1100,811],"class_list":{"0":"post-14090","1":"product","2":"type-product","3":"status-publish","4":"has-post-thumbnail","6":"product_cat-specializuotos-galvutes","7":"product_tag-amortizatoriu-ispletimui","8":"product_tag-automobiliu-irankiai","9":"product_tag-mhr10438","10":"product_tag-spec-irankis","11":"product_tag-statramscio-ispletimui","13":"first","14":"instock","15":"taxable","16":"shipping-taxable","17":"purchasable","18":"product-type-simple"},"_links":{"self":[{"href":"https:\/\/raktava.lt\/en\/wp-json\/wp\/v2\/product\/14090","targetHints":{"allow":["GET"]}}],"collection":[{"href":"https:\/\/raktava.lt\/en\/wp-json\/wp\/v2\/product"}],"about":[{"href":"https:\/\/raktava.lt\/en\/wp-json\/wp\/v2\/types\/product"}],"replies":[{"embeddable":true,"href":"https:\/\/raktava.lt\/en\/wp-json\/wp\/v2\/comments?post=14090"}],"version-history":[{"count":4,"href":"https:\/\/raktava.lt\/en\/wp-json\/wp\/v2\/product\/14090\/revisions"}],"predecessor-version":[{"id":19223,"href":"https:\/\/raktava.lt\/en\/wp-json\/wp\/v2\/product\/14090\/revisions\/19223"}],"wp:featuredmedia":[{"embeddable":true,"href":"https:\/\/raktava.lt\/en\/wp-json\/wp\/v2\/media\/14091"}],"wp:attachment":[{"href":"https:\/\/raktava.lt\/en\/wp-json\/wp\/v2\/media?parent=14090"}],"wp:term":[{"taxonomy":"product_brand","embeddable":true,"href":"https:\/\/raktava.lt\/en\/wp-json\/wp\/v2\/product_brand?post=14090"},{"taxonomy":"product_cat","embeddable":true,"href":"https:\/\/raktava.lt\/en\/wp-json\/wp\/v2\/product_cat?post=14090"},{"taxonomy":"product_tag","embeddable":true,"href":"https:\/\/raktava.lt\/en\/wp-json\/wp\/v2\/product_tag?post=14090"}],"curies":[{"name":"wp","href":"https:\/\/api.w.org\/{rel}","templated":true}]}}