{"id":14057,"date":"2024-08-13T13:51:29","date_gmt":"2024-08-13T10:51:29","guid":{"rendered":"https:\/\/raktava.lt\/?post_type=product&#038;p=14057"},"modified":"2025-09-25T10:41:12","modified_gmt":"2025-09-25T07:41:12","slug":"ventiliu-serdies-issukiklis","status":"publish","type":"product","link":"https:\/\/raktava.lt\/en\/product\/automobiliu-remonto-irankiai\/padangu-remonto-irankiai-chemija\/ventiliu-serdies-issukiklis\/","title":{"rendered":"Ventili\u0173 \u0161erdies i\u0161sukiklis"},"content":{"rendered":"","protected":false},"excerpt":{"rendered":"<p>Ventili\u0173 \u0161erdies i\u0161sukiklis<\/p>\n","protected":false},"featured_media":14058,"comment_status":"open","ping_status":"closed","template":"","meta":[],"product_brand":[],"product_cat":[28],"product_tag":[],"class_list":{"0":"post-14057","1":"product","2":"type-product","3":"status-publish","4":"has-post-thumbnail","6":"product_cat-padangu-remonto-irankiai-chemija","8":"first","9":"outofstock","10":"taxable","11":"shipping-taxable","12":"purchasable","13":"product-type-simple"},"_links":{"self":[{"href":"https:\/\/raktava.lt\/en\/wp-json\/wp\/v2\/product\/14057","targetHints":{"allow":["GET"]}}],"collection":[{"href":"https:\/\/raktava.lt\/en\/wp-json\/wp\/v2\/product"}],"about":[{"href":"https:\/\/raktava.lt\/en\/wp-json\/wp\/v2\/types\/product"}],"replies":[{"embeddable":true,"href":"https:\/\/raktava.lt\/en\/wp-json\/wp\/v2\/comments?post=14057"}],"version-history":[{"count":2,"href":"https:\/\/raktava.lt\/en\/wp-json\/wp\/v2\/product\/14057\/revisions"}],"predecessor-version":[{"id":14061,"href":"https:\/\/raktava.lt\/en\/wp-json\/wp\/v2\/product\/14057\/revisions\/14061"}],"wp:featuredmedia":[{"embeddable":true,"href":"https:\/\/raktava.lt\/en\/wp-json\/wp\/v2\/media\/14058"}],"wp:attachment":[{"href":"https:\/\/raktava.lt\/en\/wp-json\/wp\/v2\/media?parent=14057"}],"wp:term":[{"taxonomy":"product_brand","embeddable":true,"href":"https:\/\/raktava.lt\/en\/wp-json\/wp\/v2\/product_brand?post=14057"},{"taxonomy":"product_cat","embeddable":true,"href":"https:\/\/raktava.lt\/en\/wp-json\/wp\/v2\/product_cat?post=14057"},{"taxonomy":"product_tag","embeddable":true,"href":"https:\/\/raktava.lt\/en\/wp-json\/wp\/v2\/product_tag?post=14057"}],"curies":[{"name":"wp","href":"https:\/\/api.w.org\/{rel}","templated":true}]}}