{"id":13917,"date":"2024-08-08T10:37:11","date_gmt":"2024-08-08T07:37:11","guid":{"rendered":"https:\/\/raktava.lt\/?post_type=product&#038;p=13917"},"modified":"2025-03-20T09:56:40","modified_gmt":"2025-03-20T07:56:40","slug":"slifavimo-diskas-metalui-su-abrazyvine-medziaga-125xm14","status":"publish","type":"product","link":"https:\/\/raktava.lt\/en\/product\/metalo-apdirbimo-irankiai\/sveitimo-irankiai\/slifavimo-diskas-metalui-su-abrazyvine-medziaga-125xm14\/","title":{"rendered":"\u0160lifavimo diskas metalui su abrazyvine med\u017eiaga 125xM14"},"content":{"rendered":"","protected":false},"excerpt":{"rendered":"<p>\u0160lifavimo diskas metalui su abrazyvine med\u017eiaga 125xM14<\/p>\n","protected":false},"featured_media":13918,"comment_status":"open","ping_status":"closed","template":"","meta":[],"product_brand":[563],"product_cat":[143],"product_tag":[674],"class_list":{"0":"post-13917","1":"product","2":"type-product","3":"status-publish","4":"has-post-thumbnail","6":"product_brand-yato","7":"product_cat-sveitimo-irankiai","8":"product_tag-slifavimo-diskas","10":"first","11":"instock","12":"taxable","13":"shipping-taxable","14":"purchasable","15":"product-type-simple"},"_links":{"self":[{"href":"https:\/\/raktava.lt\/en\/wp-json\/wp\/v2\/product\/13917","targetHints":{"allow":["GET"]}}],"collection":[{"href":"https:\/\/raktava.lt\/en\/wp-json\/wp\/v2\/product"}],"about":[{"href":"https:\/\/raktava.lt\/en\/wp-json\/wp\/v2\/types\/product"}],"replies":[{"embeddable":true,"href":"https:\/\/raktava.lt\/en\/wp-json\/wp\/v2\/comments?post=13917"}],"version-history":[{"count":1,"href":"https:\/\/raktava.lt\/en\/wp-json\/wp\/v2\/product\/13917\/revisions"}],"predecessor-version":[{"id":13928,"href":"https:\/\/raktava.lt\/en\/wp-json\/wp\/v2\/product\/13917\/revisions\/13928"}],"wp:featuredmedia":[{"embeddable":true,"href":"https:\/\/raktava.lt\/en\/wp-json\/wp\/v2\/media\/13918"}],"wp:attachment":[{"href":"https:\/\/raktava.lt\/en\/wp-json\/wp\/v2\/media?parent=13917"}],"wp:term":[{"taxonomy":"product_brand","embeddable":true,"href":"https:\/\/raktava.lt\/en\/wp-json\/wp\/v2\/product_brand?post=13917"},{"taxonomy":"product_cat","embeddable":true,"href":"https:\/\/raktava.lt\/en\/wp-json\/wp\/v2\/product_cat?post=13917"},{"taxonomy":"product_tag","embeddable":true,"href":"https:\/\/raktava.lt\/en\/wp-json\/wp\/v2\/product_tag?post=13917"}],"curies":[{"name":"wp","href":"https:\/\/api.w.org\/{rel}","templated":true}]}}