{"id":13911,"date":"2024-08-08T10:31:36","date_gmt":"2024-08-08T07:31:36","guid":{"rendered":"https:\/\/raktava.lt\/?post_type=product&#038;p=13911"},"modified":"2026-01-28T15:04:01","modified_gmt":"2026-01-28T13:04:01","slug":"slifavimo-diskas-metalui-su-abrazyvine-medziaga-125x222","status":"publish","type":"product","link":"https:\/\/raktava.lt\/en\/product\/metalo-apdirbimo-irankiai\/sveitimo-irankiai\/slifavimo-diskas-metalui-su-abrazyvine-medziaga-125x222\/","title":{"rendered":"\u0160lifavimo diskas metalui su abrazyvine med\u017eiaga 125&#215;22,2"},"content":{"rendered":"","protected":false},"excerpt":{"rendered":"<p>\u0160lifavimo diskas metalui su abrazyvine med\u017eiaga 125&#215;22,2<\/p>\n","protected":false},"featured_media":13912,"comment_status":"open","ping_status":"closed","template":"","meta":[],"product_brand":[727],"product_cat":[143],"product_tag":[1984,674,1983],"class_list":{"0":"post-13911","1":"product","2":"type-product","3":"status-publish","4":"has-post-thumbnail","6":"product_brand-kingrony","7":"product_cat-sveitimo-irankiai","8":"product_tag-ft00055","9":"product_tag-slifavimo-diskas","10":"product_tag-slifavimo-diskas-su-abrazyvine-medziaga","12":"first","13":"instock","14":"taxable","15":"shipping-taxable","16":"purchasable","17":"product-type-simple"},"_links":{"self":[{"href":"https:\/\/raktava.lt\/en\/wp-json\/wp\/v2\/product\/13911","targetHints":{"allow":["GET"]}}],"collection":[{"href":"https:\/\/raktava.lt\/en\/wp-json\/wp\/v2\/product"}],"about":[{"href":"https:\/\/raktava.lt\/en\/wp-json\/wp\/v2\/types\/product"}],"replies":[{"embeddable":true,"href":"https:\/\/raktava.lt\/en\/wp-json\/wp\/v2\/comments?post=13911"}],"version-history":[{"count":1,"href":"https:\/\/raktava.lt\/en\/wp-json\/wp\/v2\/product\/13911\/revisions"}],"predecessor-version":[{"id":13916,"href":"https:\/\/raktava.lt\/en\/wp-json\/wp\/v2\/product\/13911\/revisions\/13916"}],"wp:featuredmedia":[{"embeddable":true,"href":"https:\/\/raktava.lt\/en\/wp-json\/wp\/v2\/media\/13912"}],"wp:attachment":[{"href":"https:\/\/raktava.lt\/en\/wp-json\/wp\/v2\/media?parent=13911"}],"wp:term":[{"taxonomy":"product_brand","embeddable":true,"href":"https:\/\/raktava.lt\/en\/wp-json\/wp\/v2\/product_brand?post=13911"},{"taxonomy":"product_cat","embeddable":true,"href":"https:\/\/raktava.lt\/en\/wp-json\/wp\/v2\/product_cat?post=13911"},{"taxonomy":"product_tag","embeddable":true,"href":"https:\/\/raktava.lt\/en\/wp-json\/wp\/v2\/product_tag?post=13911"}],"curies":[{"name":"wp","href":"https:\/\/api.w.org\/{rel}","templated":true}]}}