{"id":13875,"date":"2024-08-07T14:13:36","date_gmt":"2024-08-07T11:13:36","guid":{"rendered":"https:\/\/raktava.lt\/?post_type=product&#038;p=13875"},"modified":"2026-01-04T13:31:02","modified_gmt":"2026-01-04T11:31:02","slug":"antgalis-ipresuotas-i-galvute-1-4%e2%80%b3-m4","status":"publish","type":"product","link":"https:\/\/raktava.lt\/en\/product\/rankiniai-irankiai\/antgaliai-antgaliu-komplektai-ipresuoti-antgaliai\/antgaliai-ipresuoti-i-galvute-1-4\/antgalis-ipresuotas-i-galvute-1-4%e2%80%b3-m4\/","title":{"rendered":"Antgalis \u012fpresuotas \u012f galvut\u0119 1\/4 M4"},"content":{"rendered":"","protected":false},"excerpt":{"rendered":"<p>Antgalis \u012fpresuotas \u012f galvut\u0119 1\/4 M4<\/p>\n","protected":false},"featured_media":13876,"comment_status":"open","ping_status":"closed","template":"","meta":[],"product_brand":[],"product_cat":[92],"product_tag":[513],"class_list":{"0":"post-13875","1":"product","2":"type-product","3":"status-publish","4":"has-post-thumbnail","6":"product_cat-antgaliai-ipresuoti-i-galvute-1-4","7":"product_tag-bgs-technic","9":"first","10":"instock","11":"taxable","12":"shipping-taxable","13":"purchasable","14":"product-type-simple"},"_links":{"self":[{"href":"https:\/\/raktava.lt\/en\/wp-json\/wp\/v2\/product\/13875","targetHints":{"allow":["GET"]}}],"collection":[{"href":"https:\/\/raktava.lt\/en\/wp-json\/wp\/v2\/product"}],"about":[{"href":"https:\/\/raktava.lt\/en\/wp-json\/wp\/v2\/types\/product"}],"replies":[{"embeddable":true,"href":"https:\/\/raktava.lt\/en\/wp-json\/wp\/v2\/comments?post=13875"}],"version-history":[{"count":3,"href":"https:\/\/raktava.lt\/en\/wp-json\/wp\/v2\/product\/13875\/revisions"}],"predecessor-version":[{"id":16472,"href":"https:\/\/raktava.lt\/en\/wp-json\/wp\/v2\/product\/13875\/revisions\/16472"}],"wp:featuredmedia":[{"embeddable":true,"href":"https:\/\/raktava.lt\/en\/wp-json\/wp\/v2\/media\/13876"}],"wp:attachment":[{"href":"https:\/\/raktava.lt\/en\/wp-json\/wp\/v2\/media?parent=13875"}],"wp:term":[{"taxonomy":"product_brand","embeddable":true,"href":"https:\/\/raktava.lt\/en\/wp-json\/wp\/v2\/product_brand?post=13875"},{"taxonomy":"product_cat","embeddable":true,"href":"https:\/\/raktava.lt\/en\/wp-json\/wp\/v2\/product_cat?post=13875"},{"taxonomy":"product_tag","embeddable":true,"href":"https:\/\/raktava.lt\/en\/wp-json\/wp\/v2\/product_tag?post=13875"}],"curies":[{"name":"wp","href":"https:\/\/api.w.org\/{rel}","templated":true}]}}