{"id":13836,"date":"2024-08-07T11:42:04","date_gmt":"2024-08-07T08:42:04","guid":{"rendered":"https:\/\/raktava.lt\/?post_type=product&#038;p=13836"},"modified":"2024-08-07T11:42:47","modified_gmt":"2024-08-07T08:42:47","slug":"valytuvu-akumuliatoriaus-gnybtu-nuemejas-2","status":"publish","type":"product","link":"https:\/\/raktava.lt\/en\/product\/automobiliu-remonto-irankiai\/irankiai-nuemimui\/valytuvu-nuemimui\/valytuvu-akumuliatoriaus-gnybtu-nuemejas-2\/","title":{"rendered":"Valytuv\u0173, akumuliatoriaus gnybt\u0173 nuem\u0117jas"},"content":{"rendered":"","protected":false},"excerpt":{"rendered":"<p>Valytuv\u0173, akumuliatoriaus gnybt\u0173 nuem\u0117jas<\/p>\n","protected":false},"featured_media":13839,"comment_status":"open","ping_status":"closed","template":"","meta":[],"product_brand":[],"product_cat":[66],"product_tag":[98],"class_list":{"0":"post-13836","1":"product","2":"type-product","3":"status-publish","4":"has-post-thumbnail","6":"product_cat-valytuvu-nuemimui","7":"product_tag-avtodelo","9":"first","10":"outofstock","11":"taxable","12":"shipping-taxable","13":"purchasable","14":"product-type-simple"},"_links":{"self":[{"href":"https:\/\/raktava.lt\/en\/wp-json\/wp\/v2\/product\/13836","targetHints":{"allow":["GET"]}}],"collection":[{"href":"https:\/\/raktava.lt\/en\/wp-json\/wp\/v2\/product"}],"about":[{"href":"https:\/\/raktava.lt\/en\/wp-json\/wp\/v2\/types\/product"}],"replies":[{"embeddable":true,"href":"https:\/\/raktava.lt\/en\/wp-json\/wp\/v2\/comments?post=13836"}],"version-history":[{"count":1,"href":"https:\/\/raktava.lt\/en\/wp-json\/wp\/v2\/product\/13836\/revisions"}],"predecessor-version":[{"id":13841,"href":"https:\/\/raktava.lt\/en\/wp-json\/wp\/v2\/product\/13836\/revisions\/13841"}],"wp:featuredmedia":[{"embeddable":true,"href":"https:\/\/raktava.lt\/en\/wp-json\/wp\/v2\/media\/13839"}],"wp:attachment":[{"href":"https:\/\/raktava.lt\/en\/wp-json\/wp\/v2\/media?parent=13836"}],"wp:term":[{"taxonomy":"product_brand","embeddable":true,"href":"https:\/\/raktava.lt\/en\/wp-json\/wp\/v2\/product_brand?post=13836"},{"taxonomy":"product_cat","embeddable":true,"href":"https:\/\/raktava.lt\/en\/wp-json\/wp\/v2\/product_cat?post=13836"},{"taxonomy":"product_tag","embeddable":true,"href":"https:\/\/raktava.lt\/en\/wp-json\/wp\/v2\/product_tag?post=13836"}],"curies":[{"name":"wp","href":"https:\/\/api.w.org\/{rel}","templated":true}]}}