{"id":13826,"date":"2024-08-07T11:06:53","date_gmt":"2024-08-07T08:06:53","guid":{"rendered":"https:\/\/raktava.lt\/?post_type=product&#038;p=13826"},"modified":"2025-09-29T13:07:26","modified_gmt":"2025-09-29T10:07:26","slug":"lekstute-tapalo-filtrui-76mm-14-kampu","status":"publish","type":"product","link":"https:\/\/raktava.lt\/en\/product\/automobiliu-remonto-irankiai\/variklio-remonto-irankiai\/irankiai-tepalo-filtrui\/lekstute-tapalo-filtrui-76mm-14-kampu\/","title":{"rendered":"L\u0117k\u0161tut\u0117 tapalo filtrui 76mm 14-kamp\u0173"},"content":{"rendered":"","protected":false},"excerpt":{"rendered":"<p>L\u0117k\u0161tut\u0117 tapalo filtrui 76mm 14-kamp\u0173<\/p>\n","protected":false},"featured_media":13827,"comment_status":"open","ping_status":"closed","template":"","meta":[],"product_brand":[627],"product_cat":[85],"product_tag":[1346,620,720,1414,618],"class_list":{"0":"post-13826","1":"product","2":"type-product","3":"status-publish","4":"has-post-thumbnail","6":"product_brand-sata","7":"product_cat-irankiai-tepalo-filtrui","8":"product_tag-14-kampu","9":"product_tag-76mm","10":"product_tag-galvute-tepalo-filtrui","11":"product_tag-s97404","12":"product_tag-tepalo-filtro-lekstute","14":"first","15":"instock","16":"taxable","17":"shipping-taxable","18":"purchasable","19":"product-type-simple"},"_links":{"self":[{"href":"https:\/\/raktava.lt\/en\/wp-json\/wp\/v2\/product\/13826","targetHints":{"allow":["GET"]}}],"collection":[{"href":"https:\/\/raktava.lt\/en\/wp-json\/wp\/v2\/product"}],"about":[{"href":"https:\/\/raktava.lt\/en\/wp-json\/wp\/v2\/types\/product"}],"replies":[{"embeddable":true,"href":"https:\/\/raktava.lt\/en\/wp-json\/wp\/v2\/comments?post=13826"}],"version-history":[{"count":1,"href":"https:\/\/raktava.lt\/en\/wp-json\/wp\/v2\/product\/13826\/revisions"}],"predecessor-version":[{"id":13831,"href":"https:\/\/raktava.lt\/en\/wp-json\/wp\/v2\/product\/13826\/revisions\/13831"}],"wp:featuredmedia":[{"embeddable":true,"href":"https:\/\/raktava.lt\/en\/wp-json\/wp\/v2\/media\/13827"}],"wp:attachment":[{"href":"https:\/\/raktava.lt\/en\/wp-json\/wp\/v2\/media?parent=13826"}],"wp:term":[{"taxonomy":"product_brand","embeddable":true,"href":"https:\/\/raktava.lt\/en\/wp-json\/wp\/v2\/product_brand?post=13826"},{"taxonomy":"product_cat","embeddable":true,"href":"https:\/\/raktava.lt\/en\/wp-json\/wp\/v2\/product_cat?post=13826"},{"taxonomy":"product_tag","embeddable":true,"href":"https:\/\/raktava.lt\/en\/wp-json\/wp\/v2\/product_tag?post=13826"}],"curies":[{"name":"wp","href":"https:\/\/api.w.org\/{rel}","templated":true}]}}