{"id":13819,"date":"2024-08-07T10:12:00","date_gmt":"2024-08-07T07:12:00","guid":{"rendered":"https:\/\/raktava.lt\/?post_type=product&#038;p=13819"},"modified":"2025-09-15T13:11:03","modified_gmt":"2025-09-15T10:11:03","slug":"1-41-2-12-kampiu-galvuciu-rinkinys-108vnt","status":"publish","type":"product","link":"https:\/\/raktava.lt\/en\/product\/rankiniai-irankiai\/1-4-3-8-1-2-3-4-1-kombinuotu-galvuciu-rinkiniai\/1-41-2-12-kampiu-galvuciu-rinkinys-108vnt\/","title":{"rendered":"1\/4&#8243;+1\/2&#8243; 12-kampi\u0173 galvu\u010di\u0173 rinkinys 108vnt."},"content":{"rendered":"","protected":false},"excerpt":{"rendered":"<p><span style=\"vertical-align: inherit;\"><span style=\"vertical-align: inherit;\">1\/4&#8243;+1\/2&#8243; 12-kampi\u0173 galvu\u010di\u0173 rinkinys 108vnt.<\/span><\/span><\/p>\n<p><strong><span style=\"vertical-align: inherit;\"><span style=\"vertical-align: inherit;\">Prek\u0117s pristatymas gali u\u017etrukti ilgiau nei \u012fprastai.<\/span><\/span><\/strong><\/p>\n","protected":false},"featured_media":13820,"comment_status":"open","ping_status":"closed","template":"","meta":[],"product_brand":[662],"product_cat":[47,50,135],"product_tag":[591,951,724,715],"class_list":{"0":"post-13819","1":"product","2":"type-product","3":"status-publish","4":"has-post-thumbnail","6":"product_brand-kingroy","7":"product_cat-1-4-3-8-1-2-3-4-1-kombinuotu-galvuciu-rinkiniai","8":"product_cat-1-2-galvutes-ir-ju-komplektai","9":"product_cat-1-4-galvutes-ir-ju-komplektai","10":"product_tag-1-2","11":"product_tag-1-4","12":"product_tag-galvuciu-komplektas","13":"product_tag-irankiu-komplektas","15":"first","16":"instock","17":"taxable","18":"shipping-taxable","19":"purchasable","20":"product-type-simple"},"_links":{"self":[{"href":"https:\/\/raktava.lt\/en\/wp-json\/wp\/v2\/product\/13819","targetHints":{"allow":["GET"]}}],"collection":[{"href":"https:\/\/raktava.lt\/en\/wp-json\/wp\/v2\/product"}],"about":[{"href":"https:\/\/raktava.lt\/en\/wp-json\/wp\/v2\/types\/product"}],"replies":[{"embeddable":true,"href":"https:\/\/raktava.lt\/en\/wp-json\/wp\/v2\/comments?post=13819"}],"version-history":[{"count":4,"href":"https:\/\/raktava.lt\/en\/wp-json\/wp\/v2\/product\/13819\/revisions"}],"predecessor-version":[{"id":14579,"href":"https:\/\/raktava.lt\/en\/wp-json\/wp\/v2\/product\/13819\/revisions\/14579"}],"wp:featuredmedia":[{"embeddable":true,"href":"https:\/\/raktava.lt\/en\/wp-json\/wp\/v2\/media\/13820"}],"wp:attachment":[{"href":"https:\/\/raktava.lt\/en\/wp-json\/wp\/v2\/media?parent=13819"}],"wp:term":[{"taxonomy":"product_brand","embeddable":true,"href":"https:\/\/raktava.lt\/en\/wp-json\/wp\/v2\/product_brand?post=13819"},{"taxonomy":"product_cat","embeddable":true,"href":"https:\/\/raktava.lt\/en\/wp-json\/wp\/v2\/product_cat?post=13819"},{"taxonomy":"product_tag","embeddable":true,"href":"https:\/\/raktava.lt\/en\/wp-json\/wp\/v2\/product_tag?post=13819"}],"curies":[{"name":"wp","href":"https:\/\/api.w.org\/{rel}","templated":true}]}}