{"id":13769,"date":"2024-08-02T14:08:27","date_gmt":"2024-08-02T11:08:27","guid":{"rendered":"https:\/\/raktava.lt\/?post_type=product&#038;p=13769"},"modified":"2026-02-05T23:07:33","modified_gmt":"2026-02-05T21:07:33","slug":"antgalis-ipresuotas-i-galvute-1-4-4mm","status":"publish","type":"product","link":"https:\/\/raktava.lt\/en\/product\/rankiniai-irankiai\/antgaliai-antgaliu-komplektai-ipresuoti-antgaliai\/antgaliai-ipresuoti-i-galvute-1-4\/antgalis-ipresuotas-i-galvute-1-4-4mm\/","title":{"rendered":"Antgalis \u012fpresuotas \u012f galvut\u0119 1\/4 4mm"},"content":{"rendered":"","protected":false},"excerpt":{"rendered":"<p>Antgalis \u012fpresuotas \u012f galvut\u0119 1\/4 4mm<\/p>\n","protected":false},"featured_media":13770,"comment_status":"open","ping_status":"closed","template":"","meta":[],"product_brand":[685],"product_cat":[92],"product_tag":[663,822,1120],"class_list":{"0":"post-13769","1":"product","2":"type-product","3":"status-publish","4":"has-post-thumbnail","6":"product_brand-forsage","7":"product_cat-antgaliai-ipresuoti-i-galvute-1-4","8":"product_tag-antgaliai","9":"product_tag-antgalis-ipresuotas","10":"product_tag-antgalis-ipresuotas-i-galvute-1-4-4mm","12":"first","13":"instock","14":"taxable","15":"shipping-taxable","16":"purchasable","17":"product-type-simple"},"_links":{"self":[{"href":"https:\/\/raktava.lt\/en\/wp-json\/wp\/v2\/product\/13769","targetHints":{"allow":["GET"]}}],"collection":[{"href":"https:\/\/raktava.lt\/en\/wp-json\/wp\/v2\/product"}],"about":[{"href":"https:\/\/raktava.lt\/en\/wp-json\/wp\/v2\/types\/product"}],"replies":[{"embeddable":true,"href":"https:\/\/raktava.lt\/en\/wp-json\/wp\/v2\/comments?post=13769"}],"version-history":[{"count":2,"href":"https:\/\/raktava.lt\/en\/wp-json\/wp\/v2\/product\/13769\/revisions"}],"predecessor-version":[{"id":13773,"href":"https:\/\/raktava.lt\/en\/wp-json\/wp\/v2\/product\/13769\/revisions\/13773"}],"wp:featuredmedia":[{"embeddable":true,"href":"https:\/\/raktava.lt\/en\/wp-json\/wp\/v2\/media\/13770"}],"wp:attachment":[{"href":"https:\/\/raktava.lt\/en\/wp-json\/wp\/v2\/media?parent=13769"}],"wp:term":[{"taxonomy":"product_brand","embeddable":true,"href":"https:\/\/raktava.lt\/en\/wp-json\/wp\/v2\/product_brand?post=13769"},{"taxonomy":"product_cat","embeddable":true,"href":"https:\/\/raktava.lt\/en\/wp-json\/wp\/v2\/product_cat?post=13769"},{"taxonomy":"product_tag","embeddable":true,"href":"https:\/\/raktava.lt\/en\/wp-json\/wp\/v2\/product_tag?post=13769"}],"curies":[{"name":"wp","href":"https:\/\/api.w.org\/{rel}","templated":true}]}}