{"id":13664,"date":"2024-08-02T11:58:25","date_gmt":"2024-08-02T08:58:25","guid":{"rendered":"https:\/\/raktava.lt\/?post_type=product&#038;p=13664"},"modified":"2025-05-09T10:24:56","modified_gmt":"2025-05-09T07:24:56","slug":"antgalis-atsuktuvui-%c2%bc-t10x25mm-10vnt-torx","status":"publish","type":"product","link":"https:\/\/raktava.lt\/en\/product\/rankiniai-irankiai\/antgaliai-antgaliu-komplektai-ipresuoti-antgaliai\/antgaliukai-bitukai-1-4-63mm\/antgalis-atsuktuvui-%c2%bc-t10x25mm-10vnt-torx\/","title":{"rendered":"Antgalis atsuktuvui \u00bc T10x25mm 10vnt. TORX"},"content":{"rendered":"<p>Antgaliukus galima \u012fsigyti ir po 1 vnt.:<\/p>\n<blockquote class=\"wp-embedded-content\" data-secret=\"YFdE1OgiwX\"><p><a href=\"https:\/\/raktava.lt\/product\/rankiniai-irankiai\/antgaliai-antgaliu-komplektai-ipresuoti-antgaliai\/antgaliukai-bitukai-1-4-63mm\/antgalis-atsuktuvui-%c2%bc-t10x25mm-1vnt-torx\/\">Antgalis atsuktuvui \u00bc T10x25mm 1vnt. TORX<\/a><\/p><\/blockquote>\n<p><iframe class=\"wp-embedded-content\" sandbox=\"allow-scripts\" security=\"restricted\" style=\"position: absolute; visibility: hidden;\" title=\"&#8220;Antgalis atsuktuvui \u00bc T10x25mm 1vnt. TORX&#8221; &#8212; Raktava - \u012eranki\u0173 E-Parduotuv\u0117\" src=\"https:\/\/raktava.lt\/product\/rankiniai-irankiai\/antgaliai-antgaliu-komplektai-ipresuoti-antgaliai\/antgaliukai-bitukai-1-4-63mm\/antgalis-atsuktuvui-%c2%bc-t10x25mm-1vnt-torx\/embed\/#?secret=ZKHf5V1MNJ#?secret=YFdE1OgiwX\" data-secret=\"YFdE1OgiwX\" width=\"600\" height=\"338\" frameborder=\"0\" marginwidth=\"0\" marginheight=\"0\" scrolling=\"no\"><\/iframe><\/p>\n","protected":false},"excerpt":{"rendered":"<p><span style=\"vertical-align: inherit;\"><span style=\"vertical-align: inherit;\">Antgalis atsuktuvui \u00bc T10x25mm 10vnt. TORX<\/span><\/span><\/p>\n","protected":false},"featured_media":13665,"comment_status":"open","ping_status":"closed","template":"","meta":[],"product_brand":[563],"product_cat":[123],"product_tag":[779,736],"class_list":{"0":"post-13664","1":"product","2":"type-product","3":"status-publish","4":"has-post-thumbnail","6":"product_brand-yato","7":"product_cat-antgaliukai-bitukai-1-4-63mm","8":"product_tag-antgalis-atsuktuvui","9":"product_tag-bitukas","11":"first","12":"instock","13":"taxable","14":"shipping-taxable","15":"purchasable","16":"product-type-simple"},"_links":{"self":[{"href":"https:\/\/raktava.lt\/en\/wp-json\/wp\/v2\/product\/13664","targetHints":{"allow":["GET"]}}],"collection":[{"href":"https:\/\/raktava.lt\/en\/wp-json\/wp\/v2\/product"}],"about":[{"href":"https:\/\/raktava.lt\/en\/wp-json\/wp\/v2\/types\/product"}],"replies":[{"embeddable":true,"href":"https:\/\/raktava.lt\/en\/wp-json\/wp\/v2\/comments?post=13664"}],"version-history":[{"count":3,"href":"https:\/\/raktava.lt\/en\/wp-json\/wp\/v2\/product\/13664\/revisions"}],"predecessor-version":[{"id":13674,"href":"https:\/\/raktava.lt\/en\/wp-json\/wp\/v2\/product\/13664\/revisions\/13674"}],"wp:featuredmedia":[{"embeddable":true,"href":"https:\/\/raktava.lt\/en\/wp-json\/wp\/v2\/media\/13665"}],"wp:attachment":[{"href":"https:\/\/raktava.lt\/en\/wp-json\/wp\/v2\/media?parent=13664"}],"wp:term":[{"taxonomy":"product_brand","embeddable":true,"href":"https:\/\/raktava.lt\/en\/wp-json\/wp\/v2\/product_brand?post=13664"},{"taxonomy":"product_cat","embeddable":true,"href":"https:\/\/raktava.lt\/en\/wp-json\/wp\/v2\/product_cat?post=13664"},{"taxonomy":"product_tag","embeddable":true,"href":"https:\/\/raktava.lt\/en\/wp-json\/wp\/v2\/product_tag?post=13664"}],"curies":[{"name":"wp","href":"https:\/\/api.w.org\/{rel}","templated":true}]}}