{"id":13593,"date":"2024-08-01T14:11:19","date_gmt":"2024-08-01T11:11:19","guid":{"rendered":"https:\/\/raktava.lt\/?post_type=product&#038;p=13593"},"modified":"2025-05-09T10:43:27","modified_gmt":"2025-05-09T07:43:27","slug":"antgalis-atsuktuvui-%c2%bc-ph0x25mm-10vnt","status":"publish","type":"product","link":"https:\/\/raktava.lt\/en\/product\/rankiniai-irankiai\/antgaliai-antgaliu-komplektai-ipresuoti-antgaliai\/antgaliukai-bitukai-1-4-63mm\/antgalis-atsuktuvui-%c2%bc-ph0x25mm-10vnt\/","title":{"rendered":"Antgalis atsuktuvui \u00bc PH0x25mm 10vnt."},"content":{"rendered":"<p>Antgaliukus galima \u012fsigyti ir po 1vnt.:<\/p>\n<blockquote class=\"wp-embedded-content\" data-secret=\"4w5517pVHy\"><p><a href=\"https:\/\/raktava.lt\/product\/rankiniai-irankiai\/antgaliai-antgaliu-komplektai-ipresuoti-antgaliai\/antgaliukai-bitukai-1-4-63mm\/antgalis-atsuktuvui-%c2%bc-ph0x25mm-1vnt\/\">Antgalis atsuktuvui \u00bc PH0x25mm 1vnt.<\/a><\/p><\/blockquote>\n<p><iframe class=\"wp-embedded-content\" sandbox=\"allow-scripts\" security=\"restricted\" style=\"position: absolute; visibility: hidden;\" title=\"&#8220;Antgalis atsuktuvui \u00bc PH0x25mm 1vnt.&#8221; &#8212; Raktava - \u012eranki\u0173 E-Parduotuv\u0117\" src=\"https:\/\/raktava.lt\/product\/rankiniai-irankiai\/antgaliai-antgaliu-komplektai-ipresuoti-antgaliai\/antgaliukai-bitukai-1-4-63mm\/antgalis-atsuktuvui-%c2%bc-ph0x25mm-1vnt\/embed\/#?secret=RPiD1z5i1D#?secret=4w5517pVHy\" data-secret=\"4w5517pVHy\" width=\"600\" height=\"338\" frameborder=\"0\" marginwidth=\"0\" marginheight=\"0\" scrolling=\"no\"><\/iframe><\/p>\n","protected":false},"excerpt":{"rendered":"<p>Antgalis atsuktuvui \u00bc PH0x25mm 10vnt.<\/p>\n","protected":false},"featured_media":13596,"comment_status":"open","ping_status":"closed","template":"","meta":[],"product_brand":[563],"product_cat":[123],"product_tag":[779,736],"class_list":{"0":"post-13593","1":"product","2":"type-product","3":"status-publish","4":"has-post-thumbnail","6":"product_brand-yato","7":"product_cat-antgaliukai-bitukai-1-4-63mm","8":"product_tag-antgalis-atsuktuvui","9":"product_tag-bitukas","11":"first","12":"instock","13":"taxable","14":"shipping-taxable","15":"purchasable","16":"product-type-simple"},"_links":{"self":[{"href":"https:\/\/raktava.lt\/en\/wp-json\/wp\/v2\/product\/13593","targetHints":{"allow":["GET"]}}],"collection":[{"href":"https:\/\/raktava.lt\/en\/wp-json\/wp\/v2\/product"}],"about":[{"href":"https:\/\/raktava.lt\/en\/wp-json\/wp\/v2\/types\/product"}],"replies":[{"embeddable":true,"href":"https:\/\/raktava.lt\/en\/wp-json\/wp\/v2\/comments?post=13593"}],"version-history":[{"count":3,"href":"https:\/\/raktava.lt\/en\/wp-json\/wp\/v2\/product\/13593\/revisions"}],"predecessor-version":[{"id":13655,"href":"https:\/\/raktava.lt\/en\/wp-json\/wp\/v2\/product\/13593\/revisions\/13655"}],"wp:featuredmedia":[{"embeddable":true,"href":"https:\/\/raktava.lt\/en\/wp-json\/wp\/v2\/media\/13596"}],"wp:attachment":[{"href":"https:\/\/raktava.lt\/en\/wp-json\/wp\/v2\/media?parent=13593"}],"wp:term":[{"taxonomy":"product_brand","embeddable":true,"href":"https:\/\/raktava.lt\/en\/wp-json\/wp\/v2\/product_brand?post=13593"},{"taxonomy":"product_cat","embeddable":true,"href":"https:\/\/raktava.lt\/en\/wp-json\/wp\/v2\/product_cat?post=13593"},{"taxonomy":"product_tag","embeddable":true,"href":"https:\/\/raktava.lt\/en\/wp-json\/wp\/v2\/product_tag?post=13593"}],"curies":[{"name":"wp","href":"https:\/\/api.w.org\/{rel}","templated":true}]}}