{"id":13457,"date":"2024-07-31T16:28:29","date_gmt":"2024-07-31T13:28:29","guid":{"rendered":"https:\/\/raktava.lt\/?post_type=product&#038;p=13457"},"modified":"2024-09-23T14:46:31","modified_gmt":"2024-09-23T11:46:31","slug":"atsuktuvu-rinkinys-10vnt","status":"publish","type":"product","link":"https:\/\/raktava.lt\/en\/product\/rankiniai-irankiai\/atsuktuvai-ju-komplektai-l-ir-t-formos-raktai\/atsuktuvai-ir-ju-komplektai\/atsuktuvu-rinkinys-10vnt\/","title":{"rendered":"Atsuktuv\u0173  rinkinys 10vnt"},"content":{"rendered":"<p><span style=\"vertical-align: inherit;\"><span style=\"vertical-align: inherit;\">Atsuktuv\u0173 rinkinys Pagamintas i\u0161 chromo-vanad\u017eio CrV plieno. Antgaliai yra padengti satininiu pavir\u0161iumi, papildomai sm\u0117liasrove ir \u012fmagnetinti, tod\u0117l var\u017eto galvut\u0117 saugiai suima. Rankenos pagamintos i\u0161 plastiko.<\/span><\/span><\/p>\n","protected":false},"excerpt":{"rendered":"<p><span style=\"vertical-align: inherit;\"><span style=\"vertical-align: inherit;\">Atsuktuv\u0173 rinkinys 10vnt<\/span><\/span><\/p>\n<ul>\n<li><span style=\"vertical-align: inherit;\"><span style=\"vertical-align: inherit;\">Plok\u0161tieji atsuktuvai: 6x38mm, 3,2x75mm, 5x100mm, 6x100mm, 8x150mm<\/span><\/span><\/li>\n<li><span style=\"vertical-align: inherit;\"><span style=\"vertical-align: inherit;\">Phillips atsuktuvai: PH0x75mm, PH1x75mm, PH2x38mm, PH2x100mm, PH3x15 mm, PH3x150mm<\/span><\/span><\/li>\n<\/ul>\n","protected":false},"featured_media":13458,"comment_status":"open","ping_status":"closed","template":"","meta":[],"product_brand":[],"product_cat":[230],"product_tag":[158],"class_list":{"0":"post-13457","1":"product","2":"type-product","3":"status-publish","4":"has-post-thumbnail","6":"product_cat-atsuktuvai-ir-ju-komplektai","7":"product_tag-vorel-lenkija","9":"first","10":"instock","11":"taxable","12":"shipping-taxable","13":"purchasable","14":"product-type-simple"},"_links":{"self":[{"href":"https:\/\/raktava.lt\/en\/wp-json\/wp\/v2\/product\/13457","targetHints":{"allow":["GET"]}}],"collection":[{"href":"https:\/\/raktava.lt\/en\/wp-json\/wp\/v2\/product"}],"about":[{"href":"https:\/\/raktava.lt\/en\/wp-json\/wp\/v2\/types\/product"}],"replies":[{"embeddable":true,"href":"https:\/\/raktava.lt\/en\/wp-json\/wp\/v2\/comments?post=13457"}],"version-history":[{"count":4,"href":"https:\/\/raktava.lt\/en\/wp-json\/wp\/v2\/product\/13457\/revisions"}],"predecessor-version":[{"id":13463,"href":"https:\/\/raktava.lt\/en\/wp-json\/wp\/v2\/product\/13457\/revisions\/13463"}],"wp:featuredmedia":[{"embeddable":true,"href":"https:\/\/raktava.lt\/en\/wp-json\/wp\/v2\/media\/13458"}],"wp:attachment":[{"href":"https:\/\/raktava.lt\/en\/wp-json\/wp\/v2\/media?parent=13457"}],"wp:term":[{"taxonomy":"product_brand","embeddable":true,"href":"https:\/\/raktava.lt\/en\/wp-json\/wp\/v2\/product_brand?post=13457"},{"taxonomy":"product_cat","embeddable":true,"href":"https:\/\/raktava.lt\/en\/wp-json\/wp\/v2\/product_cat?post=13457"},{"taxonomy":"product_tag","embeddable":true,"href":"https:\/\/raktava.lt\/en\/wp-json\/wp\/v2\/product_tag?post=13457"}],"curies":[{"name":"wp","href":"https:\/\/api.w.org\/{rel}","templated":true}]}}