{"id":13389,"date":"2024-07-30T16:51:19","date_gmt":"2024-07-30T13:51:19","guid":{"rendered":"https:\/\/raktava.lt\/?post_type=product&#038;p=13389"},"modified":"2025-04-17T14:04:26","modified_gmt":"2025-04-17T11:04:26","slug":"verzliaraktis-terkslinis-su-ispjova-12mm","status":"publish","type":"product","link":"https:\/\/raktava.lt\/en\/product\/rankiniai-irankiai\/verzliarakciai-verzliarakciu-komplektai\/terksliniai-raktai-ju-komplektai\/verzliaraktis-terkslinis-su-ispjova-12mm\/","title":{"rendered":"Ver\u017eliaraktis terk\u0161linis su i\u0161pjova 12mm"},"content":{"rendered":"","protected":false},"excerpt":{"rendered":"<p>Ver\u017eliaraktis terk\u0161linis su i\u0161pjova 12mm<\/p>\n","protected":false},"featured_media":13377,"comment_status":"open","ping_status":"closed","template":"","meta":[],"product_brand":[685],"product_cat":[116,544],"product_tag":[649,748],"class_list":{"0":"post-13389","1":"product","2":"type-product","3":"status-publish","4":"has-post-thumbnail","6":"product_brand-forsage","7":"product_cat-terksliniai-raktai-ju-komplektai","8":"product_cat-ispardavimas","9":"product_tag-verzliaraktis","10":"product_tag-verzliaraktis-su-terksle","12":"first","13":"instock","14":"sale","15":"taxable","16":"shipping-taxable","17":"purchasable","18":"product-type-simple"},"_links":{"self":[{"href":"https:\/\/raktava.lt\/en\/wp-json\/wp\/v2\/product\/13389","targetHints":{"allow":["GET"]}}],"collection":[{"href":"https:\/\/raktava.lt\/en\/wp-json\/wp\/v2\/product"}],"about":[{"href":"https:\/\/raktava.lt\/en\/wp-json\/wp\/v2\/types\/product"}],"replies":[{"embeddable":true,"href":"https:\/\/raktava.lt\/en\/wp-json\/wp\/v2\/comments?post=13389"}],"version-history":[{"count":1,"href":"https:\/\/raktava.lt\/en\/wp-json\/wp\/v2\/product\/13389\/revisions"}],"predecessor-version":[{"id":13390,"href":"https:\/\/raktava.lt\/en\/wp-json\/wp\/v2\/product\/13389\/revisions\/13390"}],"wp:featuredmedia":[{"embeddable":true,"href":"https:\/\/raktava.lt\/en\/wp-json\/wp\/v2\/media\/13377"}],"wp:attachment":[{"href":"https:\/\/raktava.lt\/en\/wp-json\/wp\/v2\/media?parent=13389"}],"wp:term":[{"taxonomy":"product_brand","embeddable":true,"href":"https:\/\/raktava.lt\/en\/wp-json\/wp\/v2\/product_brand?post=13389"},{"taxonomy":"product_cat","embeddable":true,"href":"https:\/\/raktava.lt\/en\/wp-json\/wp\/v2\/product_cat?post=13389"},{"taxonomy":"product_tag","embeddable":true,"href":"https:\/\/raktava.lt\/en\/wp-json\/wp\/v2\/product_tag?post=13389"}],"curies":[{"name":"wp","href":"https:\/\/api.w.org\/{rel}","templated":true}]}}