{"id":13376,"date":"2024-07-30T16:32:16","date_gmt":"2024-07-30T13:32:16","guid":{"rendered":"https:\/\/raktava.lt\/?post_type=product&#038;p=13376"},"modified":"2025-04-17T13:57:42","modified_gmt":"2025-04-17T10:57:42","slug":"verzliaraktis-terkslinis-su-ispjova-8mm","status":"publish","type":"product","link":"https:\/\/raktava.lt\/en\/product\/rankiniai-irankiai\/verzliarakciai-verzliarakciu-komplektai\/terksliniai-raktai-ju-komplektai\/verzliaraktis-terkslinis-su-ispjova-8mm\/","title":{"rendered":"Ver\u017eliaraktis terk\u0161linis, su i\u0161pjova 8mm"},"content":{"rendered":"","protected":false},"excerpt":{"rendered":"<p>Ver\u017eliaraktis terk\u0161linis, su i\u0161pjova 8mm<\/p>\n<p>Bendras ilgis: 141mm<\/p>\n","protected":false},"featured_media":13377,"comment_status":"open","ping_status":"closed","template":"","meta":[],"product_brand":[685],"product_cat":[116],"product_tag":[649,748],"class_list":{"0":"post-13376","1":"product","2":"type-product","3":"status-publish","4":"has-post-thumbnail","6":"product_brand-forsage","7":"product_cat-terksliniai-raktai-ju-komplektai","8":"product_tag-verzliaraktis","9":"product_tag-verzliaraktis-su-terksle","11":"first","12":"instock","13":"sale","14":"taxable","15":"shipping-taxable","16":"purchasable","17":"product-type-simple"},"_links":{"self":[{"href":"https:\/\/raktava.lt\/en\/wp-json\/wp\/v2\/product\/13376","targetHints":{"allow":["GET"]}}],"collection":[{"href":"https:\/\/raktava.lt\/en\/wp-json\/wp\/v2\/product"}],"about":[{"href":"https:\/\/raktava.lt\/en\/wp-json\/wp\/v2\/types\/product"}],"replies":[{"embeddable":true,"href":"https:\/\/raktava.lt\/en\/wp-json\/wp\/v2\/comments?post=13376"}],"version-history":[{"count":1,"href":"https:\/\/raktava.lt\/en\/wp-json\/wp\/v2\/product\/13376\/revisions"}],"predecessor-version":[{"id":13383,"href":"https:\/\/raktava.lt\/en\/wp-json\/wp\/v2\/product\/13376\/revisions\/13383"}],"wp:featuredmedia":[{"embeddable":true,"href":"https:\/\/raktava.lt\/en\/wp-json\/wp\/v2\/media\/13377"}],"wp:attachment":[{"href":"https:\/\/raktava.lt\/en\/wp-json\/wp\/v2\/media?parent=13376"}],"wp:term":[{"taxonomy":"product_brand","embeddable":true,"href":"https:\/\/raktava.lt\/en\/wp-json\/wp\/v2\/product_brand?post=13376"},{"taxonomy":"product_cat","embeddable":true,"href":"https:\/\/raktava.lt\/en\/wp-json\/wp\/v2\/product_cat?post=13376"},{"taxonomy":"product_tag","embeddable":true,"href":"https:\/\/raktava.lt\/en\/wp-json\/wp\/v2\/product_tag?post=13376"}],"curies":[{"name":"wp","href":"https:\/\/api.w.org\/{rel}","templated":true}]}}