{"id":13345,"date":"2024-07-30T14:42:28","date_gmt":"2024-07-30T11:42:28","guid":{"rendered":"https:\/\/raktava.lt\/?post_type=product&#038;p=13345"},"modified":"2026-03-02T16:19:13","modified_gmt":"2026-03-02T14:19:13","slug":"galvute-smugine-6-kampe-prailginta-1-2%e2%80%b3-19mm","status":"publish","type":"product","link":"https:\/\/raktava.lt\/en\/product\/rankiniai-irankiai\/galvutes-galvuciu-komplektai-laikikliai-galvutems\/1-2-galvutes-smugines\/galvute-smugine-6-kampe-prailginta-1-2%e2%80%b3-19mm\/","title":{"rendered":"Galvut\u0117 sm\u016bgin\u0117 6-kamp\u0117 prailginta 1\/2\u2033 19mm"},"content":{"rendered":"","protected":false},"excerpt":{"rendered":"<p>Galvut\u0117 sm\u016bgin\u0117 6-kamp\u0117 prailginta 1\/2\u2033 19mm<\/p>\n","protected":false},"featured_media":13341,"comment_status":"open","ping_status":"closed","template":"","meta":[],"product_brand":[627],"product_cat":[46],"product_tag":[591,1068,994,660,944,768,710,1783],"class_list":{"0":"post-13345","1":"product","2":"type-product","3":"status-publish","4":"has-post-thumbnail","6":"product_brand-sata","7":"product_cat-1-2-galvutes-smugines","8":"product_tag-1-2","9":"product_tag-19mm","10":"product_tag-6-kampe","11":"product_tag-galvute","12":"product_tag-galvute-ilga","13":"product_tag-galvute-sesiakampes","14":"product_tag-galvute-smugine","15":"product_tag-s34412","17":"first","18":"instock","19":"taxable","20":"shipping-taxable","21":"purchasable","22":"product-type-simple"},"_links":{"self":[{"href":"https:\/\/raktava.lt\/en\/wp-json\/wp\/v2\/product\/13345","targetHints":{"allow":["GET"]}}],"collection":[{"href":"https:\/\/raktava.lt\/en\/wp-json\/wp\/v2\/product"}],"about":[{"href":"https:\/\/raktava.lt\/en\/wp-json\/wp\/v2\/types\/product"}],"replies":[{"embeddable":true,"href":"https:\/\/raktava.lt\/en\/wp-json\/wp\/v2\/comments?post=13345"}],"version-history":[{"count":2,"href":"https:\/\/raktava.lt\/en\/wp-json\/wp\/v2\/product\/13345\/revisions"}],"predecessor-version":[{"id":13347,"href":"https:\/\/raktava.lt\/en\/wp-json\/wp\/v2\/product\/13345\/revisions\/13347"}],"wp:featuredmedia":[{"embeddable":true,"href":"https:\/\/raktava.lt\/en\/wp-json\/wp\/v2\/media\/13341"}],"wp:attachment":[{"href":"https:\/\/raktava.lt\/en\/wp-json\/wp\/v2\/media?parent=13345"}],"wp:term":[{"taxonomy":"product_brand","embeddable":true,"href":"https:\/\/raktava.lt\/en\/wp-json\/wp\/v2\/product_brand?post=13345"},{"taxonomy":"product_cat","embeddable":true,"href":"https:\/\/raktava.lt\/en\/wp-json\/wp\/v2\/product_cat?post=13345"},{"taxonomy":"product_tag","embeddable":true,"href":"https:\/\/raktava.lt\/en\/wp-json\/wp\/v2\/product_tag?post=13345"}],"curies":[{"name":"wp","href":"https:\/\/api.w.org\/{rel}","templated":true}]}}